{"id":1233,"date":"2022-10-21T15:38:56","date_gmt":"2022-10-21T13:38:56","guid":{"rendered":"https:\/\/fundamt.gv.at\/?page_id=1233"},"modified":"2025-01-07T10:15:22","modified_gmt":"2025-01-07T09:15:22","slug":"for-fundbueros-2","status":"publish","type":"page","link":"https:\/\/fundamt.gv.at\/en\/fuer-fundbueros\/","title":{"rendered":"For lost property offices"},"content":{"rendered":"<div data-elementor-type=\"wp-page\" data-elementor-id=\"1233\" class=\"elementor elementor-1233\" data-elementor-post-type=\"page\">\n\t\t\t\t<div class=\"elementor-element elementor-element-37c3b1ed e-flex e-con-boxed e-con e-parent\" data-id=\"37c3b1ed\" data-element_type=\"container\" data-e-type=\"container\">\n\t\t\t\t\t<div class=\"e-con-inner\">\n\t\t\t\t<div class=\"elementor-element elementor-element-644d07dd elementor-widget elementor-widget-text-editor\" data-id=\"644d07dd\" data-element_type=\"widget\" data-e-type=\"widget\" data-widget_type=\"text-editor.default\">\n\t\t\t\t<div class=\"elementor-widget-container\">\n\t\t\t\t\t\t\t\t\t<h2 class=\"wp-block-heading\">The online fund system for more citizen service<\/h2>\n<p><!-- \/wp:heading --><\/p>\n<p><!-- wp:paragraph --><\/p>\n<p>Nova Find is an innovative eGovernment solution for the entire national fund system. As a comprehensive, centrally operated IT application, it covers all areas: It facilitates the work of the lost property authorities (recording, managing and researching finds and losses), simplifies the search for lost items by citizens and increases the return rate.<\/p>\n<p><!-- \/wp:paragraph --><\/p>\n<p><!-- wp:paragraph --><\/p>\n<p>Over 6 million citizens in more than 750 cities and municipalities in Austria already benefit from Nova Find. \u00d6BB also uses it to manage its lost property.<\/p>\n<p><!-- \/wp:paragraph --><\/p>\n<p><!-- wp:heading --><\/p>\n<h2 class=\"wp-block-heading\">Highlights<\/h2>\n<p><!-- \/wp:heading --><\/p>\n<p><!-- wp:list --><\/p>\n<ul>\n<li style=\"list-style-type: none;\">\n<ul><!-- wp:list-item --><\/ul>\n<\/li>\n<\/ul>\n<p>\u00a0<\/p>\n<ul>\n<li style=\"list-style-type: none;\">\n<ul>\n<li>Lost property software that is perfectly tailored to the legal requirements and processes in Austrian lost property offices<\/li>\n<\/ul>\n<\/li>\n<\/ul>\n<p><!-- \/wp:list-item --><\/p>\n<p><!-- wp:list-item --><\/p>\n<ul>\n<li style=\"list-style-type: none;\">\n<ul>\n<li>Central search database with finds and losses recorded throughout Austria<br \/>Significantly higher placement rate<\/li>\n<\/ul>\n<\/li>\n<\/ul>\n<p><!-- \/wp:list-item --><\/p>\n<p><!-- wp:list-item --><\/p>\n<ul>\n<li style=\"list-style-type: none;\">\n<ul>\n<li>Shortening storage times<\/li>\n<\/ul>\n<\/li>\n<\/ul>\n<p><!-- \/wp:list-item --><\/p>\n<p><!-- wp:list-item --><\/p>\n<ul>\n<li style=\"list-style-type: none;\">\n<ul>\n<li>No expense for the lost property authority due to operation, maintenance and further development of the application<\/li>\n<\/ul>\n<\/li>\n<\/ul>\n<p><!-- \/wp:list-item --><\/p>\n<p><!-- wp:list-item --><\/p>\n<ul>\n<li style=\"list-style-type: none;\">\n<ul>\n<li>High user-friendliness<\/li>\n<\/ul>\n<\/li>\n<\/ul>\n<p><!-- \/wp:list-item --><\/p>\n<p><!-- wp:list-item --><\/p>\n<ul>\n<li style=\"list-style-type: none;\">\n<ul>\n<li>Simple configuration and adaptation to the authority's corporate design<\/li>\n<\/ul>\n<\/li>\n<\/ul>\n<p><!-- \/wp:list-item --><\/p>\n<p><!-- \/wp:list --><\/p>\n<p><!-- wp:heading --><\/p>\n<h2 class=\"wp-block-heading\">Advantages for the lost property office<\/h2>\n<p><!-- \/wp:heading --><\/p>\n<p><!-- wp:paragraph --><\/p>\n<p>A centrally operated, comprehensive software solution is available for the lost property department. This means that the administration does not have to purchase or install any hardware. The lost property authority is networked with the Austria-wide lost property system. This means that all participating regions and companies are taken into account when searching for items. As a result, more items can be returned to their owners and the storage period is reduced.<\/p>\n<p><!-- \/wp:paragraph --><\/p>\n<p><!-- wp:heading --><\/p>\n<h2 class=\"wp-block-heading\">Functions<\/h2>\n<p><!-- \/wp:heading --><\/p>\n<p><!-- wp:list --><\/p>\n<ul>\n<li style=\"list-style-type: none;\">\n<ul><!-- wp:list-item --><\/ul>\n<\/li>\n<\/ul>\n<p>\u00a0<\/p>\n<ul>\n<li style=\"list-style-type: none;\">\n<ul>\n<li>Recording of lost and found reports<\/li>\n<\/ul>\n<\/li>\n<\/ul>\n<p><!-- \/wp:list-item --><\/p>\n<p><!-- wp:list-item --><\/p>\n<ul>\n<li style=\"list-style-type: none;\">\n<ul>\n<li>Categorization of found objects that are immediately available for searches by citizens on the Internet<\/li>\n<\/ul>\n<\/li>\n<\/ul>\n<p><!-- \/wp:list-item --><\/p>\n<p><!-- wp:list-item --><\/p>\n<ul>\n<li style=\"list-style-type: none;\">\n<ul>\n<li>Automatic hit comparison between lost and found reports (Austria-wide)<\/li>\n<\/ul>\n<\/li>\n<\/ul>\n<p><!-- \/wp:list-item --><\/p>\n<p><!-- wp:list-item --><\/p>\n<ul>\n<li style=\"list-style-type: none;\">\n<ul>\n<li>Comprehensive search options<\/li>\n<\/ul>\n<\/li>\n<\/ul>\n<p><!-- \/wp:list-item --><\/p>\n<p><!-- wp:list-item --><\/p>\n<ul>\n<li style=\"list-style-type: none;\">\n<ul>\n<li>Automated generation of letters and notifications<br \/>Simple warehouse management with barcode<\/li>\n<\/ul>\n<\/li>\n<\/ul>\n<p><!-- \/wp:list-item --><\/p>\n<p><!-- wp:list-item --><\/p>\n<ul>\n<li style=\"list-style-type: none;\">\n<ul>\n<li>Comprehensive configuration options (deadlines, fees, templates, etc.)<br \/>Statistics and evaluations<\/li>\n<\/ul>\n<\/li>\n<\/ul>\n<p><!-- \/wp:list-item --><\/p>\n<p><!-- wp:list-item --><\/p>\n<ul>\n<li style=\"list-style-type: none;\">\n<ul>\n<li>Every user also has access to a handbook, legal information on lost property and a helpdesk.<\/li>\n<\/ul>\n<\/li>\n<\/ul>\n<p><!-- \/wp:list-item --><\/p>\n<p><!-- \/wp:list --><\/p>\n<p><!-- wp:heading --><\/p>\n<h2 class=\"wp-block-heading\">Advantages for citizens<\/h2>\n<p><!-- \/wp:heading --><\/p>\n<p><!-- wp:paragraph --><\/p>\n<p>Citizens can search for lost items themselves on fundamt.gv.at regardless of time and place. All participating regions and companies are included in the search. This significantly increases the hit rate, as people often do not know where they have lost something or where the finder handed in the item. If the item is not found, a loss report can be made immediately, which is automatically taken into account when lost property is recorded in the future and triggers a corresponding notification in the event of a hit.<\/p>\n<p>\u00a0<\/p>\n<p>Haben Sie als Fundb\u00fcro weitere Fragen oder m\u00f6chten Sie Nova Find f\u00fcr Ihre Gemeinde nutzen? <br \/>Dann finden Sie <a href=\"http:\/\/www.nova-find.eu\" target=\"_blank\" rel=\"noopener\">hier noch weitere Infos<\/a> oder Sie melden sich unter: <a href=\"mailto:sales@nova-find.eu\">sales@nova-find.eu<\/a><\/p>\n<p><!-- \/wp:paragraph --><\/p>\t\t\t\t\t\t\t\t<\/div>\n\t\t\t\t<\/div>\n\t\t\t\t\t<\/div>\n\t\t\t\t<\/div>\n\t\t\t\t<\/div>","protected":false},"excerpt":{"rendered":"<p>Das Online-Fundsystem f\u00fcr mehr B\u00fcrgerservice Nova Find ist eine innovative E-Government-L\u00f6sung f\u00fcr das gesamte nationale Fundwesen. Als umfassende, zentral betriebene IT-Anwendung deckt es s\u00e4mtliche Bereiche ab: Es erleichtert die Arbeit in den Fundbeh\u00f6rden (Funde und Verluste erfassen, verwalten und recherchieren), vereinfacht die Suche nach verlorenen Gegenst\u00e4nden durch den B\u00fcrger und erh\u00f6ht die R\u00fcckgabequote. \u00dcber 6 [&hellip;]<\/p>\n","protected":false},"author":1,"featured_media":0,"parent":0,"menu_order":0,"comment_status":"closed","ping_status":"closed","template":"","meta":{"footnotes":""},"class_list":["post-1233","page","type-page","status-publish","hentry"],"_links":{"self":[{"href":"https:\/\/fundamt.gv.at\/en\/wp-json\/wp\/v2\/pages\/1233","targetHints":{"allow":["GET"]}}],"collection":[{"href":"https:\/\/fundamt.gv.at\/en\/wp-json\/wp\/v2\/pages"}],"about":[{"href":"https:\/\/fundamt.gv.at\/en\/wp-json\/wp\/v2\/types\/page"}],"author":[{"embeddable":true,"href":"https:\/\/fundamt.gv.at\/en\/wp-json\/wp\/v2\/users\/1"}],"replies":[{"embeddable":true,"href":"https:\/\/fundamt.gv.at\/en\/wp-json\/wp\/v2\/comments?post=1233"}],"version-history":[{"count":21,"href":"https:\/\/fundamt.gv.at\/en\/wp-json\/wp\/v2\/pages\/1233\/revisions"}],"predecessor-version":[{"id":1795,"href":"https:\/\/fundamt.gv.at\/en\/wp-json\/wp\/v2\/pages\/1233\/revisions\/1795"}],"wp:attachment":[{"href":"https:\/\/fundamt.gv.at\/en\/wp-json\/wp\/v2\/media?parent=1233"}],"curies":[{"name":"wp","href":"https:\/\/api.w.org\/{rel}","templated":true}]}}