{"id":1435,"date":"2024-07-04T09:04:14","date_gmt":"2024-07-04T07:04:14","guid":{"rendered":"https:\/\/fundamt.gv.at\/?page_id=1435"},"modified":"2024-07-04T09:06:54","modified_gmt":"2024-07-04T07:06:54","slug":"fundamt-gv-at-was-updated-2","status":"publish","type":"page","link":"https:\/\/fundamt.gv.at\/en\/fundamt-gv-at-wurde-aktualisiert\/","title":{"rendered":"fundamt.gv.at has been updated"},"content":{"rendered":"<p>How do you do?<\/p>\n\n\n\n<p>We have modernized the Lost Property Service Austria and brought the website and technical components up to date. Due to this system change, the cancel link for loss reports created before 01.07.2024 can unfortunately no longer be supported.<\/p>\n\n\n\n<p>However, loss reports also run automatically and are no longer used for matching with the lost and found offices after a defined period of time, so you do not normally have to do anything.<\/p>\n\n\n\n<p>If you have already created a loss report using the current fundamt.gv.at page, you can edit, amend or cancel your loss report at any time using the link sent to you.<\/p>\n\n\n\n<p>Kind regards<\/p>\n\n\n\n<p>The fundamt.gv.at team<\/p>","protected":false},"excerpt":{"rendered":"<p>Guten Tag, Wir haben das Fundservice \u00d6sterreich modernisiert und die Webseite und technische Komponenten auf den neuesten Stand gebracht. Aufgrund dieser Systemumstellung kann leider der Stornieren-Link f\u00fcr Verlustmeldungen, die vor dem 01.07.2024 erstellt wurden, nicht mehr unterst\u00fctzt werden. Verlustmeldungen laufen jedoch auch automatisch ab und werden nach einem definierten Zeitraum nicht mehr f\u00fcr den Trefferabgleich [&hellip;]<\/p>\n","protected":false},"author":7,"featured_media":0,"parent":0,"menu_order":0,"comment_status":"closed","ping_status":"closed","template":"","meta":{"footnotes":""},"class_list":["post-1435","page","type-page","status-publish","hentry"],"_links":{"self":[{"href":"https:\/\/fundamt.gv.at\/en\/wp-json\/wp\/v2\/pages\/1435","targetHints":{"allow":["GET"]}}],"collection":[{"href":"https:\/\/fundamt.gv.at\/en\/wp-json\/wp\/v2\/pages"}],"about":[{"href":"https:\/\/fundamt.gv.at\/en\/wp-json\/wp\/v2\/types\/page"}],"author":[{"embeddable":true,"href":"https:\/\/fundamt.gv.at\/en\/wp-json\/wp\/v2\/users\/7"}],"replies":[{"embeddable":true,"href":"https:\/\/fundamt.gv.at\/en\/wp-json\/wp\/v2\/comments?post=1435"}],"version-history":[{"count":2,"href":"https:\/\/fundamt.gv.at\/en\/wp-json\/wp\/v2\/pages\/1435\/revisions"}],"predecessor-version":[{"id":1437,"href":"https:\/\/fundamt.gv.at\/en\/wp-json\/wp\/v2\/pages\/1435\/revisions\/1437"}],"wp:attachment":[{"href":"https:\/\/fundamt.gv.at\/en\/wp-json\/wp\/v2\/media?parent=1435"}],"curies":[{"name":"wp","href":"https:\/\/api.w.org\/{rel}","templated":true}]}}