{"id":382,"date":"2022-06-09T21:58:21","date_gmt":"2022-06-09T19:58:21","guid":{"rendered":"https:\/\/fundamt.gv.at\/?page_id=382"},"modified":"2022-06-11T13:09:43","modified_gmt":"2022-06-11T11:09:43","slug":"terms-of-use","status":"publish","type":"page","link":"https:\/\/fundamt.gv.at\/en\/nutzungsbedingungen\/","title":{"rendered":"Terms and Conditions"},"content":{"rendered":"<h2 class=\"wp-block-heading\">\u00a71 Scope of application and conclusion of contract<\/h2>\n\n\n\n<p>The operator of the website&nbsp;<a href=\"https:\/\/fundamt.gv.at\/en\/\">https:\/\/fundamt.gv.at\/<\/a>&nbsp;(hereinafter referred to as the \"Website\") is RUBICON IT GmbH, Gonzagagasse 16, A-1010 Vienna (hereinafter referred to as the \"Operator\").<\/p>\n\n\n\n<p>The use of the website is subject to these terms of use. By using the website, you agree to the content of these terms and conditions.<\/p>\n\n\n\n<h2 class=\"wp-block-heading\"><strong>\u00a72 Restrictions on use<\/strong><\/h2>\n\n\n\n<p>The duplication, processing, distribution, public reproduction or any other form of use of the content of this website for commercial purposes is prohibited. It is also prohibited to extract the retrievable information, data and applications by means of automated systems or automated software and to distribute, rent, pass on to third parties or use the data in any other way for commercial purposes. Furthermore, any access to the content of the website that does not take place via the user interface of the website is prohibited.<\/p>\n\n\n\n<p>In the event of a breach of these terms of use, in particular in the event of improper use of the website, access may be restricted or completely blocked by the operator. The operator reserves the right to assert any legal claims.<\/p>\n\n\n\n<h2 class=\"wp-block-heading\"><strong>\u00a73 Liability<\/strong><\/h2>\n\n\n\n<p>The operator assumes no liability for the completeness, accuracy and timeliness of the information provided and reserves the right to restrict the availability of the website. The liability of the operator is excluded to the extent permitted by law.<\/p>\n\n\n\n<h2 class=\"wp-block-heading\"><strong>\u00a74 Final provisions<\/strong><\/h2>\n\n\n\n<p>The operator reserves the right to make improvements or changes to these terms of use at any time without prior notice.<\/p>\n\n\n\n<p>Should any provision of these Terms of Use be or become invalid, this shall not affect the validity or enforceability of the remaining provisions. In this case, the invalid provision shall be replaced by a provision that comes as close as possible to the economic content of the invalid provision.<\/p>\n\n\n\n<p>Austrian law shall apply exclusively to the exclusion of conflict of laws rules. The application of the UN Convention on Contracts for the International Sale of Goods is expressly excluded.<\/p>\n\n\n\n<p>The competent court in Vienna shall have exclusive jurisdiction for disputes in connection with these Terms of Use, unless a consumer transaction is involved in accordance with applicable consumer protection provisions.<\/p>\n\n\n\n<p>Status: January 2021<\/p>","protected":false},"excerpt":{"rendered":"<p>\u00a71 Anwendungsbereich und Vertragsabschluss Der Betreiber der Webseite&nbsp;https:\/\/fundamt.gv.at\/&nbsp;(weiter als \u201eWebseite\u201c bezeichnet) ist RUBICON IT GmbH, Gonzagagasse 16, A-1010 Wien (weiter als \u201eBetreiber\u201c bezeichnet). Die Nutzung der Webseite unterliegt diesen Nutzungsbedingungen. Mit der Nutzung der Webseite erkl\u00e4ren Sie sich mit dem Inhalt dieser Bedingungen einverstanden. \u00a72 Nutzungsbeschr\u00e4nkungen Die Vervielf\u00e4ltigung, Bearbeitung, Verbreitung, \u00f6ffentliche Wiedergabe oder jede sonstige [&hellip;]<\/p>\n","protected":false},"author":1,"featured_media":0,"parent":0,"menu_order":0,"comment_status":"closed","ping_status":"closed","template":"","meta":{"footnotes":""},"class_list":["post-382","page","type-page","status-publish","hentry"],"_links":{"self":[{"href":"https:\/\/fundamt.gv.at\/en\/wp-json\/wp\/v2\/pages\/382","targetHints":{"allow":["GET"]}}],"collection":[{"href":"https:\/\/fundamt.gv.at\/en\/wp-json\/wp\/v2\/pages"}],"about":[{"href":"https:\/\/fundamt.gv.at\/en\/wp-json\/wp\/v2\/types\/page"}],"author":[{"embeddable":true,"href":"https:\/\/fundamt.gv.at\/en\/wp-json\/wp\/v2\/users\/1"}],"replies":[{"embeddable":true,"href":"https:\/\/fundamt.gv.at\/en\/wp-json\/wp\/v2\/comments?post=382"}],"version-history":[{"count":0,"href":"https:\/\/fundamt.gv.at\/en\/wp-json\/wp\/v2\/pages\/382\/revisions"}],"wp:attachment":[{"href":"https:\/\/fundamt.gv.at\/en\/wp-json\/wp\/v2\/media?parent=382"}],"curies":[{"name":"wp","href":"https:\/\/api.w.org\/{rel}","templated":true}]}}