{"id":626,"date":"2022-06-11T16:30:00","date_gmt":"2022-06-11T14:30:00","guid":{"rendered":"https:\/\/fundamt.gv.at\/?page_id=626"},"modified":"2024-07-02T10:26:44","modified_gmt":"2024-07-02T08:26:44","slug":"accessibility-2","status":"publish","type":"page","link":"https:\/\/fundamt.gv.at\/en\/barrierefreiheit\/","title":{"rendered":"Accessibility"},"content":{"rendered":"<h2 class=\"wp-block-heading\"><strong>Declaration on accessibility<\/strong><\/h2>\n\n\n\n<p>We endeavor to make our website accessible in accordance with the national legislation implementing Directive (EU) 2016\/2102 of the European Parliament and of the Council.<\/p>\n\n\n\n<p>This accessibility statement applies to the website <a href=\"https:\/\/fundamt.gv.at\/en\/\">https:\/\/fundamt.gv.at<\/a>.<\/p>\n\n\n\n<h2 class=\"wp-block-heading\"><strong>Status of compatibility with the requirements<\/strong><\/h2>\n\n\n\n<p>This website is fully compliant with conformance level AA of the \"Web Content Accessibility Guidelines - WCAG 2.1\" or with the applicable European standard according to Directive (EU) 2016\/2102 of the European Parliament and of the Council.<\/p>\n\n\n\n<h2 class=\"wp-block-heading\"><strong>Preparation of this accessibility statement<\/strong><\/h2>\n\n\n\n<p>This declaration was prepared on 11.6.2022.<\/p>\n\n\n\n<p>The declaration was prepared on the basis of a self-assessment carried out by RUBICON IT GmbH<\/p>\n\n\n\n<p>The declaration was last reviewed on 11.6.2022.<\/p>\n\n\n\n<h2 class=\"wp-block-heading\"><strong>Feedback and contact details<\/strong><\/h2>\n\n\n\n<p>E-Mail:&nbsp;<a href=\"mailto:contact@nova-find.eu\">contact@nova-find.eu<\/a><\/p>\n\n\n\n<p><\/p>","protected":false},"excerpt":{"rendered":"<p>Erkl\u00e4rung zur Barrierefreiheit Wir sind bem\u00fcht, unsere Website im Einklang mit den nationalen Rechtsvorschriften zur Umsetzung der Richtlinie (EU) 2016\/2102 des Europ\u00e4ischen Parlaments und des Rates barrierefrei zug\u00e4nglich zu machen. Diese Erkl\u00e4rung zur Barrierefreiheit gilt f\u00fcr die Website https:\/\/fundamt.gv.at. Stand der Vereinbarkeit mit den Anforderungen Diese Website ist mit der Konformit\u00e4tsstufe AA der \u201eRichtlinien f\u00fcr [&hellip;]<\/p>\n","protected":false},"author":1,"featured_media":0,"parent":0,"menu_order":0,"comment_status":"closed","ping_status":"closed","template":"","meta":{"footnotes":""},"class_list":["post-626","page","type-page","status-publish","hentry"],"_links":{"self":[{"href":"https:\/\/fundamt.gv.at\/en\/wp-json\/wp\/v2\/pages\/626","targetHints":{"allow":["GET"]}}],"collection":[{"href":"https:\/\/fundamt.gv.at\/en\/wp-json\/wp\/v2\/pages"}],"about":[{"href":"https:\/\/fundamt.gv.at\/en\/wp-json\/wp\/v2\/types\/page"}],"author":[{"embeddable":true,"href":"https:\/\/fundamt.gv.at\/en\/wp-json\/wp\/v2\/users\/1"}],"replies":[{"embeddable":true,"href":"https:\/\/fundamt.gv.at\/en\/wp-json\/wp\/v2\/comments?post=626"}],"version-history":[{"count":2,"href":"https:\/\/fundamt.gv.at\/en\/wp-json\/wp\/v2\/pages\/626\/revisions"}],"predecessor-version":[{"id":1407,"href":"https:\/\/fundamt.gv.at\/en\/wp-json\/wp\/v2\/pages\/626\/revisions\/1407"}],"wp:attachment":[{"href":"https:\/\/fundamt.gv.at\/en\/wp-json\/wp\/v2\/media?parent=626"}],"curies":[{"name":"wp","href":"https:\/\/api.w.org\/{rel}","templated":true}]}}