{"id":1233,"date":"2022-10-21T15:38:56","date_gmt":"2022-10-21T13:38:56","guid":{"rendered":"https:\/\/fundamt.gv.at\/?page_id=1233"},"modified":"2025-01-07T10:15:22","modified_gmt":"2025-01-07T09:15:22","slug":"fuer-fundbueros-2","status":"publish","type":"page","link":"https:\/\/fundamt.gv.at\/fr\/fuer-fundbueros\/","title":{"rendered":"Bureaux des objets trouv\u00e9s"},"content":{"rendered":"<div data-elementor-type=\"wp-page\" data-elementor-id=\"1233\" class=\"elementor elementor-1233\" data-elementor-post-type=\"page\">\n\t\t\t\t<div class=\"elementor-element elementor-element-37c3b1ed e-flex e-con-boxed e-con e-parent\" data-id=\"37c3b1ed\" data-element_type=\"container\" data-e-type=\"container\">\n\t\t\t\t\t<div class=\"e-con-inner\">\n\t\t\t\t<div class=\"elementor-element elementor-element-644d07dd elementor-widget elementor-widget-text-editor\" data-id=\"644d07dd\" data-element_type=\"widget\" data-e-type=\"widget\" data-widget_type=\"text-editor.default\">\n\t\t\t\t<div class=\"elementor-widget-container\">\n\t\t\t\t\t\t\t\t\t<h2 class=\"wp-block-heading\">Le syst\u00e8me de fonds en ligne pour un meilleur service aux citoyens<\/h2>\n<p><!-- \/wp:heading --><\/p>\n<p><!-- wp:paragraph --><\/p>\n<p>Nova Find est une solution innovante de cyberadministration pour l'ensemble des fonds nationaux. En tant qu'application informatique compl\u00e8te et g\u00e9r\u00e9e de mani\u00e8re centralis\u00e9e, elle couvre tous les domaines : Elle facilite le travail dans les services des objets trouv\u00e9s (saisie, gestion et recherche des objets trouv\u00e9s et perdus), simplifie la recherche d'objets perdus par les citoyens et augmente le taux de restitution.<\/p>\n<p><!-- \/wp:paragraph --><\/p>\n<p><!-- wp:paragraph --><\/p>\n<p>Plus de 6 millions de citoyens dans plus de 750 villes et communes d'Autriche profitent d\u00e9j\u00e0 de Nova Find. En outre, les chemins de fer autrichiens (\u00d6BB) l'utilisent pour g\u00e9rer leurs objets trouv\u00e9s.<\/p>\n<p><!-- \/wp:paragraph --><\/p>\n<p><!-- wp:heading --><\/p>\n<h2 class=\"wp-block-heading\">Points forts<\/h2>\n<p><!-- \/wp:heading --><\/p>\n<p><!-- wp:list --><\/p>\n<ul>\n<li style=\"list-style-type: none;\">\n<ul><!-- wp:list-item --><\/ul>\n<\/li>\n<\/ul>\n<p>\u00a0<\/p>\n<ul>\n<li style=\"list-style-type: none;\">\n<ul>\n<li>Logiciel de gestion des objets trouv\u00e9s, parfaitement adapt\u00e9 aux exigences l\u00e9gales et aux proc\u00e9dures des services des objets trouv\u00e9s autrichiens.<\/li>\n<\/ul>\n<\/li>\n<\/ul>\n<p><!-- \/wp:list-item --><\/p>\n<p><!-- wp:list-item --><\/p>\n<ul>\n<li style=\"list-style-type: none;\">\n<ul>\n<li>Base de donn\u00e9es centrale de recherche avec les trouvailles et les pertes recens\u00e9es dans toute l'Autriche<br \/>Un taux de placement nettement plus \u00e9lev\u00e9<\/li>\n<\/ul>\n<\/li>\n<\/ul>\n<p><!-- \/wp:list-item --><\/p>\n<p><!-- wp:list-item --><\/p>\n<ul>\n<li style=\"list-style-type: none;\">\n<ul>\n<li>R\u00e9duction des d\u00e9lais de conservation<\/li>\n<\/ul>\n<\/li>\n<\/ul>\n<p><!-- \/wp:list-item --><\/p>\n<p><!-- wp:list-item --><\/p>\n<ul>\n<li style=\"list-style-type: none;\">\n<ul>\n<li>Pas de d\u00e9penses li\u00e9es \u00e0 l'exploitation, \u00e0 la maintenance et au d\u00e9veloppement de l'application pour le service des objets trouv\u00e9s<\/li>\n<\/ul>\n<\/li>\n<\/ul>\n<p><!-- \/wp:list-item --><\/p>\n<p><!-- wp:list-item --><\/p>\n<ul>\n<li style=\"list-style-type: none;\">\n<ul>\n<li>Grande facilit\u00e9 d'utilisation<\/li>\n<\/ul>\n<\/li>\n<\/ul>\n<p><!-- \/wp:list-item --><\/p>\n<p><!-- wp:list-item --><\/p>\n<ul>\n<li style=\"list-style-type: none;\">\n<ul>\n<li>Configuration et adaptation faciles \u00e0 l'identit\u00e9 visuelle de l'administration<\/li>\n<\/ul>\n<\/li>\n<\/ul>\n<p><!-- \/wp:list-item --><\/p>\n<p><!-- \/wp:list --><\/p>\n<p><!-- wp:heading --><\/p>\n<h2 class=\"wp-block-heading\">Avantages pour le service des objets trouv\u00e9s<\/h2>\n<p><!-- \/wp:heading --><\/p>\n<p><!-- wp:paragraph --><\/p>\n<p>Le service des objets trouv\u00e9s dispose d'une solution logicielle compl\u00e8te et centralis\u00e9e. Ainsi, l'administration n'a pas besoin d'acqu\u00e9rir ou d'installer de mat\u00e9riel. Le service des objets trouv\u00e9s est mis en r\u00e9seau avec le syst\u00e8me autrichien des objets trouv\u00e9s. Lors de la recherche d'objets, toutes les r\u00e9gions et entreprises participantes sont ainsi prises en compte. Il en r\u00e9sulte qu'un plus grand nombre d'objets peuvent \u00eatre remis \u00e0 leurs propri\u00e9taires, ce qui permet de r\u00e9duire la dur\u00e9e de conservation.<\/p>\n<p><!-- \/wp:paragraph --><\/p>\n<p><!-- wp:heading --><\/p>\n<h2 class=\"wp-block-heading\">Fonctions<\/h2>\n<p><!-- \/wp:heading --><\/p>\n<p><!-- wp:list --><\/p>\n<ul>\n<li style=\"list-style-type: none;\">\n<ul><!-- wp:list-item --><\/ul>\n<\/li>\n<\/ul>\n<p>\u00a0<\/p>\n<ul>\n<li style=\"list-style-type: none;\">\n<ul>\n<li>Enregistrement des avis de d\u00e9couverte et de perte<\/li>\n<\/ul>\n<\/li>\n<\/ul>\n<p><!-- \/wp:list-item --><\/p>\n<p><!-- wp:list-item --><\/p>\n<ul>\n<li style=\"list-style-type: none;\">\n<ul>\n<li>Cat\u00e9gorisation des objets trouv\u00e9s, directement disponibles pour la recherche par les citoyens sur Internet<\/li>\n<\/ul>\n<\/li>\n<\/ul>\n<p><!-- \/wp:list-item --><\/p>\n<p><!-- wp:list-item --><\/p>\n<ul>\n<li style=\"list-style-type: none;\">\n<ul>\n<li>Comparaison automatique des r\u00e9sultats entre les avis de d\u00e9couverte et de perte (dans toute l'Autriche)<\/li>\n<\/ul>\n<\/li>\n<\/ul>\n<p><!-- \/wp:list-item --><\/p>\n<p><!-- wp:list-item --><\/p>\n<ul>\n<li style=\"list-style-type: none;\">\n<ul>\n<li>Possibilit\u00e9s de recherche \u00e9tendues<\/li>\n<\/ul>\n<\/li>\n<\/ul>\n<p><!-- \/wp:list-item --><\/p>\n<p><!-- wp:list-item --><\/p>\n<ul>\n<li style=\"list-style-type: none;\">\n<ul>\n<li>G\u00e9n\u00e9ration automatis\u00e9e de lettres et de communications<br \/>Gestion simple des stocks avec code-barres<\/li>\n<\/ul>\n<\/li>\n<\/ul>\n<p><!-- \/wp:list-item --><\/p>\n<p><!-- wp:list-item --><\/p>\n<ul>\n<li style=\"list-style-type: none;\">\n<ul>\n<li>Possibilit\u00e9s de configuration \u00e9tendues (d\u00e9lais, frais, mod\u00e8les, etc.)<br \/>Statistiques et \u00e9valuations<\/li>\n<\/ul>\n<\/li>\n<\/ul>\n<p><!-- \/wp:list-item --><\/p>\n<p><!-- wp:list-item --><\/p>\n<ul>\n<li style=\"list-style-type: none;\">\n<ul>\n<li>Chaque utilisateur dispose \u00e9galement d'un manuel, d'informations juridiques sur les objets trouv\u00e9s et d'un service d'assistance.<\/li>\n<\/ul>\n<\/li>\n<\/ul>\n<p><!-- \/wp:list-item --><\/p>\n<p><!-- \/wp:list --><\/p>\n<p><!-- wp:heading --><\/p>\n<h2 class=\"wp-block-heading\">Avantages pour les citoyens<\/h2>\n<p><!-- \/wp:heading --><\/p>\n<p><!-- wp:paragraph --><\/p>\n<p>Les citoyens peuvent rechercher eux-m\u00eames des objets perdus sur fundamt.gv.at, ind\u00e9pendamment du lieu et de l'heure. Lors de la recherche, toutes les r\u00e9gions et entreprises participantes sont prises en compte. Cela augmente consid\u00e9rablement le taux de r\u00e9ussite, car on ne sait souvent pas o\u00f9 l'on a perdu quelque chose ou o\u00f9 la personne qui a trouv\u00e9 l'objet l'a d\u00e9pos\u00e9. Si l'objet n'est pas retrouv\u00e9, il est possible de faire imm\u00e9diatement une d\u00e9claration de perte qui sera automatiquement prise en compte lors de la saisie future des objets trouv\u00e9s et qui d\u00e9clenchera une notification correspondante si l'objet est trouv\u00e9.<\/p>\n<p>\u00a0<\/p>\n<p>Haben Sie als Fundb\u00fcro weitere Fragen oder m\u00f6chten Sie Nova Find f\u00fcr Ihre Gemeinde nutzen? <br \/>Dann finden Sie <a href=\"http:\/\/www.nova-find.eu\" target=\"_blank\" rel=\"noopener\">hier noch weitere Infos<\/a> oder Sie melden sich unter: <a href=\"mailto:sales@nova-find.eu\">sales@nova-find.eu<\/a><\/p>\n<p><!-- \/wp:paragraph --><\/p>\t\t\t\t\t\t\t\t<\/div>\n\t\t\t\t<\/div>\n\t\t\t\t\t<\/div>\n\t\t\t\t<\/div>\n\t\t\t\t<\/div>","protected":false},"excerpt":{"rendered":"<p>Das Online-Fundsystem f\u00fcr mehr B\u00fcrgerservice Nova Find ist eine innovative E-Government-L\u00f6sung f\u00fcr das gesamte nationale Fundwesen. Als umfassende, zentral betriebene IT-Anwendung deckt es s\u00e4mtliche Bereiche ab: Es erleichtert die Arbeit in den Fundbeh\u00f6rden (Funde und Verluste erfassen, verwalten und recherchieren), vereinfacht die Suche nach verlorenen Gegenst\u00e4nden durch den B\u00fcrger und erh\u00f6ht die R\u00fcckgabequote. \u00dcber 6 [&hellip;]<\/p>\n","protected":false},"author":1,"featured_media":0,"parent":0,"menu_order":0,"comment_status":"closed","ping_status":"closed","template":"","meta":{"footnotes":""},"class_list":["post-1233","page","type-page","status-publish","hentry"],"_links":{"self":[{"href":"https:\/\/fundamt.gv.at\/fr\/wp-json\/wp\/v2\/pages\/1233","targetHints":{"allow":["GET"]}}],"collection":[{"href":"https:\/\/fundamt.gv.at\/fr\/wp-json\/wp\/v2\/pages"}],"about":[{"href":"https:\/\/fundamt.gv.at\/fr\/wp-json\/wp\/v2\/types\/page"}],"author":[{"embeddable":true,"href":"https:\/\/fundamt.gv.at\/fr\/wp-json\/wp\/v2\/users\/1"}],"replies":[{"embeddable":true,"href":"https:\/\/fundamt.gv.at\/fr\/wp-json\/wp\/v2\/comments?post=1233"}],"version-history":[{"count":21,"href":"https:\/\/fundamt.gv.at\/fr\/wp-json\/wp\/v2\/pages\/1233\/revisions"}],"predecessor-version":[{"id":1795,"href":"https:\/\/fundamt.gv.at\/fr\/wp-json\/wp\/v2\/pages\/1233\/revisions\/1795"}],"wp:attachment":[{"href":"https:\/\/fundamt.gv.at\/fr\/wp-json\/wp\/v2\/media?parent=1233"}],"curies":[{"name":"wp","href":"https:\/\/api.w.org\/{rel}","templated":true}]}}