{"id":1389,"date":"2024-06-27T09:48:33","date_gmt":"2024-06-27T07:48:33","guid":{"rendered":"https:\/\/fundamt.gv.at\/?page_id=1389"},"modified":"2024-06-27T09:49:29","modified_gmt":"2024-06-27T07:49:29","slug":"webgov","status":"publish","type":"page","link":"https:\/\/fundamt.gv.at\/fr\/webgov\/","title":{"rendered":"fundamt.gv.at a \u00e9t\u00e9 mis \u00e0 jour !"},"content":{"rendered":"<p>La solution Bureau des objets trouv\u00e9s a \u00e9t\u00e9 mise \u00e0 jour vers Nova Find. L'URL d'acc\u00e8s \u00e0 votre bureau des objets trouv\u00e9s a donc \u00e9galement chang\u00e9. Vous avez re\u00e7u la nouvelle URL d'acc\u00e8s de RUBICON ou de l'un de nos partenaires K5 autrichiens. Veuillez utiliser cette URL pour l'acc\u00e8s. Si vous utilisez un portail PVP de base pour vous connecter, utilisez le nouvel appel dans ce portail.<\/p>\n\n\n\n<figure class=\"wp-block-image size-full\"><img fetchpriority=\"high\" decoding=\"async\" width=\"1912\" height=\"820\" src=\"https:\/\/fundamt.gv.at\/wp-content\/uploads\/2024\/06\/image.png\" alt=\"\" class=\"wp-image-1390\"\/><\/figure>","protected":false},"excerpt":{"rendered":"<p>La solution Bureau des objets trouv\u00e9s a \u00e9t\u00e9 mise \u00e0 jour vers Nova Find. L'URL d'acc\u00e8s \u00e0 votre bureau des objets trouv\u00e9s a donc \u00e9galement chang\u00e9. Vous avez re\u00e7u la nouvelle URL d'acc\u00e8s de RUBICON ou de l'un de nos partenaires K5 autrichiens. Veuillez utiliser cette URL pour l'acc\u00e8s. Si vous utilisez un portail PVP de base pour vous connecter, utilisez le nouvel appel dans ce portail.<\/p>","protected":false},"author":7,"featured_media":0,"parent":0,"menu_order":0,"comment_status":"closed","ping_status":"closed","template":"","meta":{"footnotes":""},"class_list":["post-1389","page","type-page","status-publish","hentry"],"_links":{"self":[{"href":"https:\/\/fundamt.gv.at\/fr\/wp-json\/wp\/v2\/pages\/1389","targetHints":{"allow":["GET"]}}],"collection":[{"href":"https:\/\/fundamt.gv.at\/fr\/wp-json\/wp\/v2\/pages"}],"about":[{"href":"https:\/\/fundamt.gv.at\/fr\/wp-json\/wp\/v2\/types\/page"}],"author":[{"embeddable":true,"href":"https:\/\/fundamt.gv.at\/fr\/wp-json\/wp\/v2\/users\/7"}],"replies":[{"embeddable":true,"href":"https:\/\/fundamt.gv.at\/fr\/wp-json\/wp\/v2\/comments?post=1389"}],"version-history":[{"count":2,"href":"https:\/\/fundamt.gv.at\/fr\/wp-json\/wp\/v2\/pages\/1389\/revisions"}],"predecessor-version":[{"id":1393,"href":"https:\/\/fundamt.gv.at\/fr\/wp-json\/wp\/v2\/pages\/1389\/revisions\/1393"}],"wp:attachment":[{"href":"https:\/\/fundamt.gv.at\/fr\/wp-json\/wp\/v2\/media?parent=1389"}],"curies":[{"name":"wp","href":"https:\/\/api.w.org\/{rel}","templated":true}]}}