{"id":1435,"date":"2024-07-04T09:04:14","date_gmt":"2024-07-04T07:04:14","guid":{"rendered":"https:\/\/fundamt.gv.at\/?page_id=1435"},"modified":"2024-07-04T09:06:54","modified_gmt":"2024-07-04T07:06:54","slug":"fundamt-gv-at-actualise-2","status":"publish","type":"page","link":"https:\/\/fundamt.gv.at\/fr\/fundamt-gv-at-wurde-aktualisiert\/","title":{"rendered":"fundamt.gv.at a \u00e9t\u00e9 mis \u00e0 jour"},"content":{"rendered":"<p>Bonne journ\u00e9e,<\/p>\n\n\n\n<p>Nous avons modernis\u00e9 le service des objets trouv\u00e9s Autriche et mis \u00e0 jour le site web et les composants techniques. En raison de ce changement de syst\u00e8me, le lien d'annulation pour les avis de perte cr\u00e9\u00e9s avant le 01.07.2024 ne peut malheureusement plus \u00eatre pris en charge.<\/p>\n\n\n\n<p>Les annonces de perte se d\u00e9roulent toutefois aussi automatiquement et ne sont plus utilis\u00e9es pour la comparaison des r\u00e9sultats avec les bureaux des objets trouv\u00e9s apr\u00e8s une p\u00e9riode d\u00e9finie, vous ne devez donc normalement rien faire.<\/p>\n\n\n\n<p>Si vous avez d\u00e9j\u00e0 \u00e9tabli un avis de perte avec la page fundamt.gv.at actuelle, vous pouvez \u00e0 tout moment modifier, compl\u00e9ter ou annuler votre avis de perte en cliquant sur le lien qui vous a \u00e9t\u00e9 envoy\u00e9.<\/p>\n\n\n\n<p>Salutations amicales<\/p>\n\n\n\n<p>L'\u00e9quipe fundamt.gv.at<\/p>","protected":false},"excerpt":{"rendered":"<p>Guten Tag, Wir haben das Fundservice \u00d6sterreich modernisiert und die Webseite und technische Komponenten auf den neuesten Stand gebracht. Aufgrund dieser Systemumstellung kann leider der Stornieren-Link f\u00fcr Verlustmeldungen, die vor dem 01.07.2024 erstellt wurden, nicht mehr unterst\u00fctzt werden. Verlustmeldungen laufen jedoch auch automatisch ab und werden nach einem definierten Zeitraum nicht mehr f\u00fcr den Trefferabgleich [&hellip;]<\/p>\n","protected":false},"author":7,"featured_media":0,"parent":0,"menu_order":0,"comment_status":"closed","ping_status":"closed","template":"","meta":{"footnotes":""},"class_list":["post-1435","page","type-page","status-publish","hentry"],"_links":{"self":[{"href":"https:\/\/fundamt.gv.at\/fr\/wp-json\/wp\/v2\/pages\/1435","targetHints":{"allow":["GET"]}}],"collection":[{"href":"https:\/\/fundamt.gv.at\/fr\/wp-json\/wp\/v2\/pages"}],"about":[{"href":"https:\/\/fundamt.gv.at\/fr\/wp-json\/wp\/v2\/types\/page"}],"author":[{"embeddable":true,"href":"https:\/\/fundamt.gv.at\/fr\/wp-json\/wp\/v2\/users\/7"}],"replies":[{"embeddable":true,"href":"https:\/\/fundamt.gv.at\/fr\/wp-json\/wp\/v2\/comments?post=1435"}],"version-history":[{"count":2,"href":"https:\/\/fundamt.gv.at\/fr\/wp-json\/wp\/v2\/pages\/1435\/revisions"}],"predecessor-version":[{"id":1437,"href":"https:\/\/fundamt.gv.at\/fr\/wp-json\/wp\/v2\/pages\/1435\/revisions\/1437"}],"wp:attachment":[{"href":"https:\/\/fundamt.gv.at\/fr\/wp-json\/wp\/v2\/media?parent=1435"}],"curies":[{"name":"wp","href":"https:\/\/api.w.org\/{rel}","templated":true}]}}