{"id":3,"date":"2022-05-10T09:36:38","date_gmt":"2022-05-10T07:36:38","guid":{"rendered":"https:\/\/fundamt.gv.at\/?page_id=3"},"modified":"2025-01-10T11:45:51","modified_gmt":"2025-01-10T10:45:51","slug":"protection-des-donnees-2","status":"publish","type":"page","link":"https:\/\/fundamt.gv.at\/fr\/datenschutz\/","title":{"rendered":"Protection des donn\u00e9es"},"content":{"rendered":"<p>La protection de votre vie priv\u00e9e et de vos donn\u00e9es personnelles nous tient particuli\u00e8rement \u00e0 c\u0153ur. Les paragraphes suivants vous informent de toutes les op\u00e9rations de traitement des donn\u00e9es qui ont lieu sur notre site web.<\/p>\n\n\n\n<h2 class=\"wp-block-heading\">Qui est responsable du traitement de vos donn\u00e9es ?<\/h2>\n\n\n\n<p>RUBICON IT GmbH est responsable de toutes les donn\u00e9es trait\u00e9es lors de votre visite sur notre site :<\/p>\n\n\n\n<p><strong>RUBICON IT GmbH<\/strong><br>16, rue Gonza<br>1010 Vienne<br>Autriche<\/p>\n\n\n\n<p>Courrier \u00e9lectronique :&nbsp;<a href=\"mailto:datenschutz@rubicon.eu\">datenschutz@rubicon.eu<\/a><\/p>\n\n\n\n<p>Num\u00e9ro de registre du commerce : 615231b<br>Tribunal du registre du commerce : Tribunal de commerce de Vienne<br>UID : ATU80745589<\/p>\n\n\n\n<h2 class=\"wp-block-heading\">Quelles sont les donn\u00e9es trait\u00e9es ?<\/h2>\n\n\n\n<p>Les sections suivantes vous donnent un aper\u00e7u des donn\u00e9es \u00e0 caract\u00e8re personnel que nous traitons sur notre site web et de la base juridique sur laquelle repose ce traitement.<\/p>\n\n\n\n<h3 class=\"wp-block-heading\">D\u00e9clarations de perte<\/h3>\n\n\n\n<p>Dans le cadre de l'\u00e9tablissement d'une d\u00e9claration de perte, vous nous transmettez des donn\u00e9es \u00e0 caract\u00e8re personnel que nous traitons exclusivement \u00e0 des fins d'ex\u00e9cution de la prestation :<\/p>\n\n\n\n<ul class=\"wp-block-list\">\n<li>Pr\u00e9nom et nom de famille<\/li>\n\n\n\n<li>Adresse<\/li>\n\n\n\n<li>Adresse \u00e9lectronique<\/li>\n\n\n\n<li>Langue pr\u00e9f\u00e9r\u00e9e<\/li>\n\n\n\n<li>Num\u00e9ro de t\u00e9l\u00e9phone (facultatif)<\/li>\n\n\n\n<li>Informations d\u00e9taill\u00e9es sur l'objet de la perte contenant des donn\u00e9es personnelles (par ex. date\/ann\u00e9e de naissance, num\u00e9ro de carte d'identit\u00e9, num\u00e9ro de carte de retrait, num\u00e9ro de s\u00e9curit\u00e9 sociale, ...)<\/li>\n<\/ul>\n\n\n\n<p>Un \u00e9l\u00e9ment essentiel de la prestation est la transmission de vos donn\u00e9es aux services publics des objets trouv\u00e9s en Suisse (communes, villes). Ceux-ci ne peuvent utiliser les donn\u00e9es que pour remplir les t\u00e2ches l\u00e9gales d'un bureau des objets trouv\u00e9s, pour vous informer de la d\u00e9couverte et vous remettre l'objet.<\/p>\n\n\n\n<p>Si vous avez donn\u00e9 votre accord, vos donn\u00e9es seront \u00e9galement transmises \u00e0 des organisations priv\u00e9es de services des objets trouv\u00e9s (p. ex. entreprises de transport et a\u00e9roports) et aux autorit\u00e9s charg\u00e9es des objets trouv\u00e9s dans d'autres pays europ\u00e9ens. Ces organisations ou autorit\u00e9s ne peuvent utiliser les donn\u00e9es que pour vous informer de la d\u00e9couverte et vous remettre l'objet. &nbsp;<\/p>\n\n\n\n<p>Conform\u00e9ment \u00e0 l'article 6, paragraphe 1, points a et b du RGPD, les donn\u00e9es sont conserv\u00e9es pendant 12 mois \u00e0 ces fins.<\/p>\n\n\n\n<h3 class=\"wp-block-heading\">Fichiers journaux du serveur<\/h3>\n\n\n\n<p>Afin de pouvoir garantir la s\u00e9curit\u00e9 et la fonctionnalit\u00e9 de nos pages web, nous devons collecter et \u00e9valuer les donn\u00e9es d'acc\u00e8s (site web visit\u00e9, heure d'acc\u00e8s, navigateur, syst\u00e8me d'exploitation, adresse IP). En cas d'incident de s\u00e9curit\u00e9, ces donn\u00e9es servent \u00e0 d\u00e9terminer et \u00e0 \u00e9liminer la cause. Conform\u00e9ment \u00e0 l'article 6, paragraphe 1, lettre f du RGPD, les donn\u00e9es sont conserv\u00e9es \u00e0 cette fin pendant 12 mois.<\/p>\n\n\n\n<h3 class=\"wp-block-heading\">Formulaires de contact<\/h3>\n\n\n\n<p>Dans le cadre du traitement de votre demande concernant nos produits, nous traitons les donn\u00e9es que vous nous transmettez dans le formulaire de contact. Si votre demande concerne \u00e9galement nos produits partenaires, vos donn\u00e9es peuvent \u00eatre transmises \u00e0 ces partenaires afin de r\u00e9pondre \u00e0 votre demande. Dans ce cas, le traitement se fonde sur l'article 6, paragraphe 1, points b et f du RGPD, car il sert \u00e0 la conclusion d'un contrat avec nous et est dans notre int\u00e9r\u00eat l\u00e9gitime. Vos donn\u00e9es seront conserv\u00e9es aussi longtemps que n\u00e9cessaire pour le traitement de votre demande.<\/p>\n\n\n\n<h2 class=\"wp-block-heading\">Cookies<\/h2>\n\n\n\n<p>Notre site web utilise des cookies. Il s'agit de petits fichiers texte qui sont d\u00e9pos\u00e9s sur votre terminal \u00e0 l'aide du navigateur. Il existe deux types principaux de cookies : les cookies techniquement n\u00e9cessaires, qui sont indispensables au fonctionnement d'un site web, et les cookies techniquement non n\u00e9cessaires, qui collectent par exemple des statistiques d'utilisation. Alors que les cookies techniquement n\u00e9cessaires sont automatiquement enregistr\u00e9s sur votre ordinateur ou appareil sur la base de notre int\u00e9r\u00eat l\u00e9gitime, les cookies techniquement non n\u00e9cessaires requi\u00e8rent votre consentement.<\/p>\n\n\n\n<p>Les cookies suivants, techniquement n\u00e9cessaires, sont utilis\u00e9s sur notre site :<\/p>\n\n\n\n<figure class=\"wp-block-table\"><table><tbody><tr><td><strong>Nom<\/strong><\/td><td><strong>Objectif<\/strong><\/td><td><strong>Dur\u00e9e de stockage<\/strong><\/td><\/tr><tr><td>Avis_de_cookie_accept\u00e9<\/td><td>Ce cookie enregistre si vous avez consenti ou non \u00e0 des cookies non n\u00e9cessaires d'un point de vue technique dans le cadre de la banni\u00e8re de cookies.<\/td><td>1 an<\/td><\/tr><tr><td>pll_language<\/td><td>Ce cookie enregistre les param\u00e8tres de langue que vous avez choisis.<\/td><td>1 an<\/td><\/tr><\/tbody><\/table><\/figure>\n\n\n\n<p>Certains cookies utilis\u00e9s sur notre site web proviennent de prestataires de services de pays tiers (surtout des \u00c9tats-Unis). Il est donc possible qu'une partie de vos donn\u00e9es (par ex. adresse IP, comportement d'utilisation, donn\u00e9es techniques) soit transmise aux \u00c9tats-Unis. Selon la Cour de justice de l'Union europ\u00e9enne, il n'existe actuellement pas de niveau de protection des donn\u00e9es ad\u00e9quat aux \u00c9tats-Unis. En cas d'utilisation de cookies de prestataires de services de pays tiers, nous demandons donc votre consentement explicite dans le cadre de la banni\u00e8re des cookies.<\/p>\n\n\n\n<p>Vous pouvez \u00e0 tout moment r\u00e9voquer le consentement que vous avez donn\u00e9 pour l'utilisation de cookies non n\u00e9cessaires d'un point de vue technique et de cookies de pays tiers.<\/p>\n\n\n\n<h2 class=\"wp-block-heading\">Vos droits<\/h2>\n\n\n\n<p>Lorsque nous traitons des donn\u00e9es \u00e0 caract\u00e8re personnel vous concernant, vous disposez des droits suivants conform\u00e9ment \u00e0 la l\u00e9gislation europ\u00e9enne et autrichienne applicable en mati\u00e8re de protection des donn\u00e9es :<\/p>\n\n\n\n<ul class=\"wp-block-list\">\n<li>Renseignements<\/li>\n\n\n\n<li>Rectification<\/li>\n\n\n\n<li>Suppression<\/li>\n\n\n\n<li>Limitation du traitement<\/li>\n\n\n\n<li>Transmission de donn\u00e9es<\/li>\n\n\n\n<li>Opposition<\/li>\n<\/ul>\n\n\n\n<p>Si vous pensez que le traitement de vos donn\u00e9es est contraire \u00e0 la protection des donn\u00e9es, vous \u00eates libre de d\u00e9poser une plainte aupr\u00e8s de l'autorit\u00e9 autrichienne de protection des donn\u00e9es (Barichgasse 40-42, 1030 Vienne, t\u00e9l\u00e9phone : +43 1 52 152-0, e-mail :&nbsp;<a href=\"mailto:dsb@dsb.gv.at\">dsb@dsb.gv.at<\/a>).<\/p>","protected":false},"excerpt":{"rendered":"<p>Der Schutz Ihrer Privatsph\u00e4re und Ihrer personenbezogenen Daten ist uns ein besonderes Anliegen. In den folgenden Abschnitten werden Sie \u00fcber alle Datenverarbeitungsvorg\u00e4nge informiert, die auf unserer Webseite stattfinden. Wer ist f\u00fcr die Verarbeitung Ihrer Daten zust\u00e4ndig? F\u00fcr s\u00e4mtliche Daten, welche im Zuge Ihres Besuches auf unserer Website verarbeitet werden, ist RUBICON IT GmbH zust\u00e4ndig: RUBICON [&hellip;]<\/p>\n","protected":false},"author":1,"featured_media":0,"parent":0,"menu_order":0,"comment_status":"closed","ping_status":"closed","template":"","meta":{"footnotes":""},"class_list":["post-3","page","type-page","status-publish","hentry"],"_links":{"self":[{"href":"https:\/\/fundamt.gv.at\/fr\/wp-json\/wp\/v2\/pages\/3","targetHints":{"allow":["GET"]}}],"collection":[{"href":"https:\/\/fundamt.gv.at\/fr\/wp-json\/wp\/v2\/pages"}],"about":[{"href":"https:\/\/fundamt.gv.at\/fr\/wp-json\/wp\/v2\/types\/page"}],"author":[{"embeddable":true,"href":"https:\/\/fundamt.gv.at\/fr\/wp-json\/wp\/v2\/users\/1"}],"replies":[{"embeddable":true,"href":"https:\/\/fundamt.gv.at\/fr\/wp-json\/wp\/v2\/comments?post=3"}],"version-history":[{"count":2,"href":"https:\/\/fundamt.gv.at\/fr\/wp-json\/wp\/v2\/pages\/3\/revisions"}],"predecessor-version":[{"id":1739,"href":"https:\/\/fundamt.gv.at\/fr\/wp-json\/wp\/v2\/pages\/3\/revisions\/1739"}],"wp:attachment":[{"href":"https:\/\/fundamt.gv.at\/fr\/wp-json\/wp\/v2\/media?parent=3"}],"curies":[{"name":"wp","href":"https:\/\/api.w.org\/{rel}","templated":true}]}}