{"id":382,"date":"2022-06-09T21:58:21","date_gmt":"2022-06-09T19:58:21","guid":{"rendered":"https:\/\/fundamt.gv.at\/?page_id=382"},"modified":"2022-06-11T13:09:43","modified_gmt":"2022-06-11T11:09:43","slug":"conditions-dutilisation-2","status":"publish","type":"page","link":"https:\/\/fundamt.gv.at\/fr\/nutzungsbedingungen\/","title":{"rendered":"Conditions d'utilisation"},"content":{"rendered":"<h2 class=\"wp-block-heading\">\u00a71 Champ d'application et conclusion du contrat<\/h2>\n\n\n\n<p>L'exploitant du site web&nbsp;<a href=\"https:\/\/fundamt.gv.at\/fr\/\">https:\/\/fundamt.gv.at\/<\/a>&nbsp;(ci-apr\u00e8s d\u00e9nomm\u00e9 \"site web\") est RUBICON IT GmbH, Gonzagagasse 16, A-1010 Vienne (ci-apr\u00e8s d\u00e9nomm\u00e9 \"exploitant\").<\/p>\n\n\n\n<p>L'utilisation du site web est soumise aux pr\u00e9sentes conditions d'utilisation. En utilisant le site web, vous acceptez le contenu de ces conditions.<\/p>\n\n\n\n<h2 class=\"wp-block-heading\"><strong>\u00a72 Restrictions d'utilisation<\/strong><\/h2>\n\n\n\n<p>La reproduction, le traitement, la diffusion, la communication publique ou toute autre forme d'utilisation du contenu de ce site \u00e0 des fins commerciales sont interdits. Il est \u00e9galement interdit d'extraire les informations, donn\u00e9es et applications consultables au moyen de syst\u00e8mes automatis\u00e9s ou de logiciels automatis\u00e9s et de distribuer, louer, transmettre \u00e0 des tiers ou utiliser de toute autre mani\u00e8re les donn\u00e9es \u00e0 des fins commerciales. En outre, tout acc\u00e8s aux contenus du site web qui ne s'effectue pas par l'interface utilisateur du site web est interdit.<\/p>\n\n\n\n<p>En cas de violation des pr\u00e9sentes conditions d'utilisation, notamment en cas d'utilisation non conforme du site web, l'acc\u00e8s peut \u00eatre limit\u00e9 ou totalement bloqu\u00e9 par l'exploitant. L'exploitant se r\u00e9serve le droit de faire valoir d'\u00e9ventuelles pr\u00e9tentions juridiques.<\/p>\n\n\n\n<h2 class=\"wp-block-heading\"><strong>\u00a73 Responsabilit\u00e9<\/strong><\/h2>\n\n\n\n<p>L'exploitant ne garantit pas l'exhaustivit\u00e9, l'exactitude et l'actualit\u00e9 des informations mises \u00e0 disposition et se r\u00e9serve le droit de restreindre la disponibilit\u00e9 du site Internet. La responsabilit\u00e9 de l'exploitant est exclue dans la mesure o\u00f9 la loi le permet.<\/p>\n\n\n\n<h2 class=\"wp-block-heading\"><strong>\u00a74 Dispositions finales<\/strong><\/h2>\n\n\n\n<p>L'exploitant se r\u00e9serve le droit d'apporter des am\u00e9liorations ou des modifications aux pr\u00e9sentes conditions d'utilisation \u00e0 tout moment et sans pr\u00e9avis.<\/p>\n\n\n\n<p>Si une disposition des pr\u00e9sentes conditions d'utilisation est ou devient invalide, la validit\u00e9 ou l'applicabilit\u00e9 de toutes les autres dispositions n'en est pas affect\u00e9e. Dans ce cas, la disposition invalide sera remplac\u00e9e par une disposition dont le contenu \u00e9conomique se rapproche le plus possible de la disposition invalid\u00e9e.<\/p>\n\n\n\n<p>Seul le droit autrichien s'applique, \u00e0 l'exclusion des r\u00e8gles de conflit de lois. L'application de la Convention des Nations unies sur les contrats de vente internationale de marchandises est express\u00e9ment exclue.<\/p>\n\n\n\n<p>En cas de litige en rapport avec les pr\u00e9sentes conditions d'utilisation, le tribunal de Vienne est seul comp\u00e9tent, \u00e0 moins qu'il ne s'agisse d'une transaction avec un consommateur conform\u00e9ment aux dispositions applicables en mati\u00e8re de protection des consommateurs.<\/p>\n\n\n\n<p>Situation : janvier 2021<\/p>","protected":false},"excerpt":{"rendered":"<p>\u00a71 Anwendungsbereich und Vertragsabschluss Der Betreiber der Webseite&nbsp;https:\/\/fundamt.gv.at\/&nbsp;(weiter als \u201eWebseite\u201c bezeichnet) ist RUBICON IT GmbH, Gonzagagasse 16, A-1010 Wien (weiter als \u201eBetreiber\u201c bezeichnet). Die Nutzung der Webseite unterliegt diesen Nutzungsbedingungen. Mit der Nutzung der Webseite erkl\u00e4ren Sie sich mit dem Inhalt dieser Bedingungen einverstanden. \u00a72 Nutzungsbeschr\u00e4nkungen Die Vervielf\u00e4ltigung, Bearbeitung, Verbreitung, \u00f6ffentliche Wiedergabe oder jede sonstige [&hellip;]<\/p>\n","protected":false},"author":1,"featured_media":0,"parent":0,"menu_order":0,"comment_status":"closed","ping_status":"closed","template":"","meta":{"footnotes":""},"class_list":["post-382","page","type-page","status-publish","hentry"],"_links":{"self":[{"href":"https:\/\/fundamt.gv.at\/fr\/wp-json\/wp\/v2\/pages\/382","targetHints":{"allow":["GET"]}}],"collection":[{"href":"https:\/\/fundamt.gv.at\/fr\/wp-json\/wp\/v2\/pages"}],"about":[{"href":"https:\/\/fundamt.gv.at\/fr\/wp-json\/wp\/v2\/types\/page"}],"author":[{"embeddable":true,"href":"https:\/\/fundamt.gv.at\/fr\/wp-json\/wp\/v2\/users\/1"}],"replies":[{"embeddable":true,"href":"https:\/\/fundamt.gv.at\/fr\/wp-json\/wp\/v2\/comments?post=382"}],"version-history":[{"count":0,"href":"https:\/\/fundamt.gv.at\/fr\/wp-json\/wp\/v2\/pages\/382\/revisions"}],"wp:attachment":[{"href":"https:\/\/fundamt.gv.at\/fr\/wp-json\/wp\/v2\/media?parent=382"}],"curies":[{"name":"wp","href":"https:\/\/api.w.org\/{rel}","templated":true}]}}