{"id":626,"date":"2022-06-11T16:30:00","date_gmt":"2022-06-11T14:30:00","guid":{"rendered":"https:\/\/fundamt.gv.at\/?page_id=626"},"modified":"2024-07-02T10:26:44","modified_gmt":"2024-07-02T08:26:44","slug":"accessibilite","status":"publish","type":"page","link":"https:\/\/fundamt.gv.at\/fr\/barrierefreiheit\/","title":{"rendered":"Accessibilit\u00e9"},"content":{"rendered":"<h2 class=\"wp-block-heading\"><strong>D\u00e9claration d'accessibilit\u00e9<\/strong><\/h2>\n\n\n\n<p>Nous nous effor\u00e7ons de rendre notre site web accessible \u00e0 tous, conform\u00e9ment \u00e0 la l\u00e9gislation nationale mettant en \u0153uvre la directive (UE) 2016\/2102 du Parlement europ\u00e9en et du Conseil.<\/p>\n\n\n\n<p>La pr\u00e9sente d\u00e9claration d'accessibilit\u00e9 s'applique au site web <a href=\"https:\/\/fundamt.gv.at\/fr\/\">https:\/\/fundamt.gv.at<\/a>.<\/p>\n\n\n\n<h2 class=\"wp-block-heading\"><strong>\u00c9tat de la compatibilit\u00e9 avec les exigences<\/strong><\/h2>\n\n\n\n<p>Ce site web est enti\u00e8rement compatible avec le niveau de conformit\u00e9 AA des \"Directives pour l'accessibilit\u00e9 aux contenus Web - WCAG 2.1\" ou avec la norme europ\u00e9enne en vigueur selon la directive (UE) 2016\/2102 du Parlement europ\u00e9en et du Conseil.<\/p>\n\n\n\n<h2 class=\"wp-block-heading\"><strong>R\u00e9daction de la pr\u00e9sente d\u00e9claration d'accessibilit\u00e9<\/strong><\/h2>\n\n\n\n<p>Cette d\u00e9claration a \u00e9t\u00e9 r\u00e9dig\u00e9e le 11.6.2022.<\/p>\n\n\n\n<p>La d\u00e9claration a \u00e9t\u00e9 \u00e9tablie sur la base d'une auto-\u00e9valuation r\u00e9alis\u00e9e par RUBICON IT GmbH.<\/p>\n\n\n\n<p>La d\u00e9claration a \u00e9t\u00e9 v\u00e9rifi\u00e9e pour la derni\u00e8re fois le 11.6.2022.<\/p>\n\n\n\n<h2 class=\"wp-block-heading\"><strong>R\u00e9actions et coordonn\u00e9es<\/strong><\/h2>\n\n\n\n<p>Courrier \u00e9lectronique :&nbsp;<a href=\"mailto:contact@nova-find.eu\">contact@nova-find.eu<\/a><\/p>\n\n\n\n<p><\/p>","protected":false},"excerpt":{"rendered":"<p>Erkl\u00e4rung zur Barrierefreiheit Wir sind bem\u00fcht, unsere Website im Einklang mit den nationalen Rechtsvorschriften zur Umsetzung der Richtlinie (EU) 2016\/2102 des Europ\u00e4ischen Parlaments und des Rates barrierefrei zug\u00e4nglich zu machen. Diese Erkl\u00e4rung zur Barrierefreiheit gilt f\u00fcr die Website https:\/\/fundamt.gv.at. Stand der Vereinbarkeit mit den Anforderungen Diese Website ist mit der Konformit\u00e4tsstufe AA der \u201eRichtlinien f\u00fcr [&hellip;]<\/p>\n","protected":false},"author":1,"featured_media":0,"parent":0,"menu_order":0,"comment_status":"closed","ping_status":"closed","template":"","meta":{"footnotes":""},"class_list":["post-626","page","type-page","status-publish","hentry"],"_links":{"self":[{"href":"https:\/\/fundamt.gv.at\/fr\/wp-json\/wp\/v2\/pages\/626","targetHints":{"allow":["GET"]}}],"collection":[{"href":"https:\/\/fundamt.gv.at\/fr\/wp-json\/wp\/v2\/pages"}],"about":[{"href":"https:\/\/fundamt.gv.at\/fr\/wp-json\/wp\/v2\/types\/page"}],"author":[{"embeddable":true,"href":"https:\/\/fundamt.gv.at\/fr\/wp-json\/wp\/v2\/users\/1"}],"replies":[{"embeddable":true,"href":"https:\/\/fundamt.gv.at\/fr\/wp-json\/wp\/v2\/comments?post=626"}],"version-history":[{"count":2,"href":"https:\/\/fundamt.gv.at\/fr\/wp-json\/wp\/v2\/pages\/626\/revisions"}],"predecessor-version":[{"id":1407,"href":"https:\/\/fundamt.gv.at\/fr\/wp-json\/wp\/v2\/pages\/626\/revisions\/1407"}],"wp:attachment":[{"href":"https:\/\/fundamt.gv.at\/fr\/wp-json\/wp\/v2\/media?parent=626"}],"curies":[{"name":"wp","href":"https:\/\/api.w.org\/{rel}","templated":true}]}}