{"id":1233,"date":"2022-10-21T15:38:56","date_gmt":"2022-10-21T13:38:56","guid":{"rendered":"https:\/\/fundamt.gv.at\/?page_id=1233"},"modified":"2025-01-07T10:15:22","modified_gmt":"2025-01-07T09:15:22","slug":"per-fundbueros-2","status":"publish","type":"page","link":"https:\/\/fundamt.gv.at\/it\/fuer-fundbueros\/","title":{"rendered":"Per gli uffici oggetti smarriti"},"content":{"rendered":"<div data-elementor-type=\"wp-page\" data-elementor-id=\"1233\" class=\"elementor elementor-1233\" data-elementor-post-type=\"page\">\n\t\t\t\t<div class=\"elementor-element elementor-element-37c3b1ed e-flex e-con-boxed e-con e-parent\" data-id=\"37c3b1ed\" data-element_type=\"container\" data-e-type=\"container\">\n\t\t\t\t\t<div class=\"e-con-inner\">\n\t\t\t\t<div class=\"elementor-element elementor-element-644d07dd elementor-widget elementor-widget-text-editor\" data-id=\"644d07dd\" data-element_type=\"widget\" data-e-type=\"widget\" data-widget_type=\"text-editor.default\">\n\t\t\t\t<div class=\"elementor-widget-container\">\n\t\t\t\t\t\t\t\t\t<h2 class=\"wp-block-heading\">Il sistema di fondi online per un maggiore servizio ai cittadini<\/h2>\n<p><!-- \/wp:heading --><\/p>\n<p><!-- wp:paragraph --><\/p>\n<p>Nova Find \u00e8 una soluzione innovativa di eGovernment per l'intero sistema dei fondi nazionali. Come applicazione informatica completa e gestita a livello centrale, copre tutti i settori: facilita il lavoro delle autorit\u00e0 preposte agli oggetti smarriti (registrazione, gestione e ricerca dei ritrovamenti e delle perdite), semplifica la ricerca degli oggetti smarriti da parte dei cittadini e aumenta il tasso di restituzione.<\/p>\n<p><!-- \/wp:paragraph --><\/p>\n<p><!-- wp:paragraph --><\/p>\n<p>Oltre 6 milioni di cittadini in pi\u00f9 di 750 citt\u00e0 e comuni austriaci beneficiano gi\u00e0 di Nova Find. Anche \u00d6BB lo utilizza per la gestione degli oggetti smarriti.<\/p>\n<p><!-- \/wp:paragraph --><\/p>\n<p><!-- wp:heading --><\/p>\n<h2 class=\"wp-block-heading\">Punti salienti<\/h2>\n<p><!-- \/wp:heading --><\/p>\n<p><!-- wp:list --><\/p>\n<ul>\n<li style=\"list-style-type: none;\">\n<ul><!-- wp:list-item --><\/ul>\n<\/li>\n<\/ul>\n<p>\u00a0<\/p>\n<ul>\n<li style=\"list-style-type: none;\">\n<ul>\n<li>Software per gli oggetti smarriti perfettamente adattato ai requisiti legali e ai processi degli uffici oggetti smarriti austriaci<\/li>\n<\/ul>\n<\/li>\n<\/ul>\n<p><!-- \/wp:list-item --><\/p>\n<p><!-- wp:list-item --><\/p>\n<ul>\n<li style=\"list-style-type: none;\">\n<ul>\n<li>Database di ricerca centrale con ritrovamenti e perdite registrati in tutta l'Austria<br \/>Tasso di collocamento significativamente pi\u00f9 alto<\/li>\n<\/ul>\n<\/li>\n<\/ul>\n<p><!-- \/wp:list-item --><\/p>\n<p><!-- wp:list-item --><\/p>\n<ul>\n<li style=\"list-style-type: none;\">\n<ul>\n<li>Riduzione dei tempi di conservazione<\/li>\n<\/ul>\n<\/li>\n<\/ul>\n<p><!-- \/wp:list-item --><\/p>\n<p><!-- wp:list-item --><\/p>\n<ul>\n<li style=\"list-style-type: none;\">\n<ul>\n<li>Nessuna spesa per l'autorit\u00e0 di propriet\u00e0 persa a causa del funzionamento, della manutenzione e dell'ulteriore sviluppo dell'applicazione<\/li>\n<\/ul>\n<\/li>\n<\/ul>\n<p><!-- \/wp:list-item --><\/p>\n<p><!-- wp:list-item --><\/p>\n<ul>\n<li style=\"list-style-type: none;\">\n<ul>\n<li>Elevata facilit\u00e0 d'uso<\/li>\n<\/ul>\n<\/li>\n<\/ul>\n<p><!-- \/wp:list-item --><\/p>\n<p><!-- wp:list-item --><\/p>\n<ul>\n<li style=\"list-style-type: none;\">\n<ul>\n<li>Semplicit\u00e0 di configurazione e personalizzazione in base al design aziendale dell'autorit\u00e0<\/li>\n<\/ul>\n<\/li>\n<\/ul>\n<p><!-- \/wp:list-item --><\/p>\n<p><!-- \/wp:list --><\/p>\n<p><!-- wp:heading --><\/p>\n<h2 class=\"wp-block-heading\">Vantaggi per l'ufficio oggetti smarriti<\/h2>\n<p><!-- \/wp:heading --><\/p>\n<p><!-- wp:paragraph --><\/p>\n<p>Per l'ufficio oggetti smarriti \u00e8 disponibile una soluzione software completa e gestita a livello centrale. Ci\u00f2 significa che l'amministrazione non deve acquistare o installare alcun hardware. L'ufficio oggetti smarriti \u00e8 collegato in rete con il sistema austriaco degli oggetti smarriti. Ci\u00f2 significa che tutte le regioni e le aziende partecipanti vengono prese in considerazione durante la ricerca degli oggetti. Di conseguenza, un maggior numero di oggetti pu\u00f2 essere restituito ai proprietari e il periodo di conservazione si riduce.<\/p>\n<p><!-- \/wp:paragraph --><\/p>\n<p><!-- wp:heading --><\/p>\n<h2 class=\"wp-block-heading\">Funzioni<\/h2>\n<p><!-- \/wp:heading --><\/p>\n<p><!-- wp:list --><\/p>\n<ul>\n<li style=\"list-style-type: none;\">\n<ul><!-- wp:list-item --><\/ul>\n<\/li>\n<\/ul>\n<p>\u00a0<\/p>\n<ul>\n<li style=\"list-style-type: none;\">\n<ul>\n<li>Registrazione dei rapporti di smarrimento e ritrovamento<\/li>\n<\/ul>\n<\/li>\n<\/ul>\n<p><!-- \/wp:list-item --><\/p>\n<p><!-- wp:list-item --><\/p>\n<ul>\n<li style=\"list-style-type: none;\">\n<ul>\n<li>Categorizzazione degli oggetti trovati che sono immediatamente disponibili per la ricerca da parte dei cittadini su Internet.<\/li>\n<\/ul>\n<\/li>\n<\/ul>\n<p><!-- \/wp:list-item --><\/p>\n<p><!-- wp:list-item --><\/p>\n<ul>\n<li style=\"list-style-type: none;\">\n<ul>\n<li>Corrispondenza automatica tra le segnalazioni di smarrimento e ritrovamento (in tutta l'Austria)<\/li>\n<\/ul>\n<\/li>\n<\/ul>\n<p><!-- \/wp:list-item --><\/p>\n<p><!-- wp:list-item --><\/p>\n<ul>\n<li style=\"list-style-type: none;\">\n<ul>\n<li>Opzioni di ricerca complete<\/li>\n<\/ul>\n<\/li>\n<\/ul>\n<p><!-- \/wp:list-item --><\/p>\n<p><!-- wp:list-item --><\/p>\n<ul>\n<li style=\"list-style-type: none;\">\n<ul>\n<li>Generazione automatica di lettere e notifiche<br \/>Gestione semplice del magazzino con codice a barre<\/li>\n<\/ul>\n<\/li>\n<\/ul>\n<p><!-- \/wp:list-item --><\/p>\n<p><!-- wp:list-item --><\/p>\n<ul>\n<li style=\"list-style-type: none;\">\n<ul>\n<li>Opzioni di configurazione complete (scadenze, tariffe, modelli, ecc.)<br \/>Statistiche e analisi<\/li>\n<\/ul>\n<\/li>\n<\/ul>\n<p><!-- \/wp:list-item --><\/p>\n<p><!-- wp:list-item --><\/p>\n<ul>\n<li style=\"list-style-type: none;\">\n<ul>\n<li>Ogni utente ha inoltre accesso a un manuale, a informazioni legali sugli oggetti smarriti e a un helpdesk.<\/li>\n<\/ul>\n<\/li>\n<\/ul>\n<p><!-- \/wp:list-item --><\/p>\n<p><!-- \/wp:list --><\/p>\n<p><!-- wp:heading --><\/p>\n<h2 class=\"wp-block-heading\">Vantaggi per i cittadini<\/h2>\n<p><!-- \/wp:heading --><\/p>\n<p><!-- wp:paragraph --><\/p>\n<p>I cittadini possono utilizzare il sito fundamt.gv.at per cercare autonomamente gli oggetti smarriti, indipendentemente dall'ora e dal luogo. Tutte le regioni e le aziende partecipanti sono incluse nella ricerca. Questo aumenta in modo significativo la percentuale di riscontro, dato che spesso le persone non sanno dove hanno smarrito l'oggetto o dove l'ha consegnato chi l'ha trovato. Se l'oggetto non viene ritrovato, \u00e8 possibile fare immediatamente una denuncia di smarrimento, che viene automaticamente presa in considerazione nella futura registrazione degli oggetti ritrovati e fa scattare una notifica corrispondente in caso di riscontro.<\/p>\n<p>\u00a0<\/p>\n<p>Haben Sie als Fundb\u00fcro weitere Fragen oder m\u00f6chten Sie Nova Find f\u00fcr Ihre Gemeinde nutzen? <br \/>Dann finden Sie <a href=\"http:\/\/www.nova-find.eu\" target=\"_blank\" rel=\"noopener\">hier noch weitere Infos<\/a> oder Sie melden sich unter: <a href=\"mailto:sales@nova-find.eu\">sales@nova-find.eu<\/a><\/p>\n<p><!-- \/wp:paragraph --><\/p>\t\t\t\t\t\t\t\t<\/div>\n\t\t\t\t<\/div>\n\t\t\t\t\t<\/div>\n\t\t\t\t<\/div>\n\t\t\t\t<\/div>","protected":false},"excerpt":{"rendered":"<p>Das Online-Fundsystem f\u00fcr mehr B\u00fcrgerservice Nova Find ist eine innovative E-Government-L\u00f6sung f\u00fcr das gesamte nationale Fundwesen. Als umfassende, zentral betriebene IT-Anwendung deckt es s\u00e4mtliche Bereiche ab: Es erleichtert die Arbeit in den Fundbeh\u00f6rden (Funde und Verluste erfassen, verwalten und recherchieren), vereinfacht die Suche nach verlorenen Gegenst\u00e4nden durch den B\u00fcrger und erh\u00f6ht die R\u00fcckgabequote. \u00dcber 6 [&hellip;]<\/p>\n","protected":false},"author":1,"featured_media":0,"parent":0,"menu_order":0,"comment_status":"closed","ping_status":"closed","template":"","meta":{"footnotes":""},"class_list":["post-1233","page","type-page","status-publish","hentry"],"_links":{"self":[{"href":"https:\/\/fundamt.gv.at\/it\/wp-json\/wp\/v2\/pages\/1233","targetHints":{"allow":["GET"]}}],"collection":[{"href":"https:\/\/fundamt.gv.at\/it\/wp-json\/wp\/v2\/pages"}],"about":[{"href":"https:\/\/fundamt.gv.at\/it\/wp-json\/wp\/v2\/types\/page"}],"author":[{"embeddable":true,"href":"https:\/\/fundamt.gv.at\/it\/wp-json\/wp\/v2\/users\/1"}],"replies":[{"embeddable":true,"href":"https:\/\/fundamt.gv.at\/it\/wp-json\/wp\/v2\/comments?post=1233"}],"version-history":[{"count":21,"href":"https:\/\/fundamt.gv.at\/it\/wp-json\/wp\/v2\/pages\/1233\/revisions"}],"predecessor-version":[{"id":1795,"href":"https:\/\/fundamt.gv.at\/it\/wp-json\/wp\/v2\/pages\/1233\/revisions\/1795"}],"wp:attachment":[{"href":"https:\/\/fundamt.gv.at\/it\/wp-json\/wp\/v2\/media?parent=1233"}],"curies":[{"name":"wp","href":"https:\/\/api.w.org\/{rel}","templated":true}]}}