{"id":1389,"date":"2024-06-27T09:48:33","date_gmt":"2024-06-27T07:48:33","guid":{"rendered":"https:\/\/fundamt.gv.at\/?page_id=1389"},"modified":"2024-06-27T09:49:29","modified_gmt":"2024-06-27T07:49:29","slug":"webgov","status":"publish","type":"page","link":"https:\/\/fundamt.gv.at\/it\/webgov\/","title":{"rendered":"fundamt.gv.at \u00e8 stato aggiornato!"},"content":{"rendered":"<p>La soluzione per l'ufficio oggetti smarriti \u00e8 stata aggiornata a Nova Find. Ci\u00f2 significa che anche l'URL di accesso al vostro ufficio oggetti smarriti \u00e8 cambiato. Avete ricevuto il nuovo URL di accesso da RUBICON o da uno dei nostri partner austriaci di K5. Utilizzate questo URL per l'accesso. Se utilizzate un portale principale PVP per accedere, utilizzate il nuovo URL di accesso.<\/p>\n\n\n\n<figure class=\"wp-block-image size-full\"><img fetchpriority=\"high\" decoding=\"async\" width=\"1912\" height=\"820\" src=\"https:\/\/fundamt.gv.at\/wp-content\/uploads\/2024\/06\/image.png\" alt=\"\" class=\"wp-image-1390\"\/><\/figure>","protected":false},"excerpt":{"rendered":"<p>La soluzione per l'ufficio oggetti smarriti \u00e8 stata aggiornata a Nova Find. Ci\u00f2 significa che anche l'URL di accesso al vostro ufficio oggetti smarriti \u00e8 cambiato. Avete ricevuto il nuovo URL di accesso da RUBICON o da uno dei nostri partner austriaci di K5. Utilizzate questo URL per l'accesso. Se utilizzate un portale principale PVP per accedere, utilizzate il nuovo URL di accesso.<\/p>","protected":false},"author":7,"featured_media":0,"parent":0,"menu_order":0,"comment_status":"closed","ping_status":"closed","template":"","meta":{"footnotes":""},"class_list":["post-1389","page","type-page","status-publish","hentry"],"_links":{"self":[{"href":"https:\/\/fundamt.gv.at\/it\/wp-json\/wp\/v2\/pages\/1389","targetHints":{"allow":["GET"]}}],"collection":[{"href":"https:\/\/fundamt.gv.at\/it\/wp-json\/wp\/v2\/pages"}],"about":[{"href":"https:\/\/fundamt.gv.at\/it\/wp-json\/wp\/v2\/types\/page"}],"author":[{"embeddable":true,"href":"https:\/\/fundamt.gv.at\/it\/wp-json\/wp\/v2\/users\/7"}],"replies":[{"embeddable":true,"href":"https:\/\/fundamt.gv.at\/it\/wp-json\/wp\/v2\/comments?post=1389"}],"version-history":[{"count":2,"href":"https:\/\/fundamt.gv.at\/it\/wp-json\/wp\/v2\/pages\/1389\/revisions"}],"predecessor-version":[{"id":1393,"href":"https:\/\/fundamt.gv.at\/it\/wp-json\/wp\/v2\/pages\/1389\/revisions\/1393"}],"wp:attachment":[{"href":"https:\/\/fundamt.gv.at\/it\/wp-json\/wp\/v2\/media?parent=1389"}],"curies":[{"name":"wp","href":"https:\/\/api.w.org\/{rel}","templated":true}]}}