{"id":1435,"date":"2024-07-04T09:04:14","date_gmt":"2024-07-04T07:04:14","guid":{"rendered":"https:\/\/fundamt.gv.at\/?page_id=1435"},"modified":"2024-07-04T09:06:54","modified_gmt":"2024-07-04T07:06:54","slug":"fundamt-gv-at-as-updated-2","status":"publish","type":"page","link":"https:\/\/fundamt.gv.at\/it\/fundamt-gv-at-wurde-aktualisiert\/","title":{"rendered":"fundamt.gv.at \u00e8 stato aggiornato"},"content":{"rendered":"<p>Salve,<\/p>\n\n\n\n<p>Abbiamo modernizzato il Servizio Oggetti Smarriti Austria e aggiornato il sito web e le componenti tecniche. A causa di questa modifica del sistema, il link di cancellazione per le denunce di smarrimento create prima del 01.07.2024 purtroppo non pu\u00f2 pi\u00f9 essere supportato.<\/p>\n\n\n\n<p>Tuttavia, anche le denunce di smarrimento vengono eseguite automaticamente e, dopo un determinato periodo di tempo, non vengono pi\u00f9 utilizzate per l'abbinamento con gli uffici oggetti smarriti.<\/p>\n\n\n\n<p>Se avete gi\u00e0 creato una dichiarazione di perdita utilizzando la pagina attuale di fundamt.gv.at, potete modificare, correggere o cancellare la vostra dichiarazione di perdita in qualsiasi momento utilizzando il link che vi \u00e8 stato inviato.<\/p>\n\n\n\n<p>Cordiali saluti<\/p>\n\n\n\n<p>Il team di fundamt.gv.at<\/p>","protected":false},"excerpt":{"rendered":"<p>Guten Tag, Wir haben das Fundservice \u00d6sterreich modernisiert und die Webseite und technische Komponenten auf den neuesten Stand gebracht. Aufgrund dieser Systemumstellung kann leider der Stornieren-Link f\u00fcr Verlustmeldungen, die vor dem 01.07.2024 erstellt wurden, nicht mehr unterst\u00fctzt werden. Verlustmeldungen laufen jedoch auch automatisch ab und werden nach einem definierten Zeitraum nicht mehr f\u00fcr den Trefferabgleich [&hellip;]<\/p>\n","protected":false},"author":7,"featured_media":0,"parent":0,"menu_order":0,"comment_status":"closed","ping_status":"closed","template":"","meta":{"footnotes":""},"class_list":["post-1435","page","type-page","status-publish","hentry"],"_links":{"self":[{"href":"https:\/\/fundamt.gv.at\/it\/wp-json\/wp\/v2\/pages\/1435","targetHints":{"allow":["GET"]}}],"collection":[{"href":"https:\/\/fundamt.gv.at\/it\/wp-json\/wp\/v2\/pages"}],"about":[{"href":"https:\/\/fundamt.gv.at\/it\/wp-json\/wp\/v2\/types\/page"}],"author":[{"embeddable":true,"href":"https:\/\/fundamt.gv.at\/it\/wp-json\/wp\/v2\/users\/7"}],"replies":[{"embeddable":true,"href":"https:\/\/fundamt.gv.at\/it\/wp-json\/wp\/v2\/comments?post=1435"}],"version-history":[{"count":2,"href":"https:\/\/fundamt.gv.at\/it\/wp-json\/wp\/v2\/pages\/1435\/revisions"}],"predecessor-version":[{"id":1437,"href":"https:\/\/fundamt.gv.at\/it\/wp-json\/wp\/v2\/pages\/1435\/revisions\/1437"}],"wp:attachment":[{"href":"https:\/\/fundamt.gv.at\/it\/wp-json\/wp\/v2\/media?parent=1435"}],"curies":[{"name":"wp","href":"https:\/\/api.w.org\/{rel}","templated":true}]}}