{"id":3,"date":"2022-05-10T09:36:38","date_gmt":"2022-05-10T07:36:38","guid":{"rendered":"https:\/\/fundamt.gv.at\/?page_id=3"},"modified":"2025-01-10T11:45:51","modified_gmt":"2025-01-10T10:45:51","slug":"protezione-dei-dati-2","status":"publish","type":"page","link":"https:\/\/fundamt.gv.at\/it\/datenschutz\/","title":{"rendered":"Protezione dei dati"},"content":{"rendered":"<p>La protezione della vostra privacy e dei vostri dati personali ci sta particolarmente a cuore. Nelle sezioni che seguono, sarete informati su tutte le operazioni di trattamento dei dati che avvengono sul nostro sito web.<\/p>\n\n\n\n<h2 class=\"wp-block-heading\">Chi \u00e8 responsabile del trattamento dei vostri dati?<\/h2>\n\n\n\n<p>RUBICON IT GmbH \u00e8 responsabile di tutti i dati elaborati nel corso della visita al nostro sito web:<\/p>\n\n\n\n<p><strong>RUBICON IT GmbH<\/strong><br>Gonzagagasse 16<br>1010 Vienna<br>Austria<\/p>\n\n\n\n<p>e-mail:&nbsp;<a href=\"mailto:datenschutz@rubicon.eu\">datenschutz@rubicon.eu<\/a><\/p>\n\n\n\n<p>Numero di registro della societ\u00e0: 615231b<br>Tribunale del registro commerciale: Tribunale commerciale di Vienna<br>UID: ATU80745589<\/p>\n\n\n\n<h2 class=\"wp-block-heading\">Quali dati vengono elaborati?<\/h2>\n\n\n\n<p>Le sezioni seguenti forniscono una panoramica dei dati personali che trattiamo sul nostro sito web e della base giuridica su cui si fonda il trattamento.<\/p>\n\n\n\n<h3 class=\"wp-block-heading\">Rapporti di perdita<\/h3>\n\n\n\n<p>Quando presentate una denuncia di smarrimento, ci fornite dei dati personali che trattiamo esclusivamente per l'espletamento del servizio:<\/p>\n\n\n\n<ul class=\"wp-block-list\">\n<li>Nome e cognome<\/li>\n\n\n\n<li>Indirizzo<\/li>\n\n\n\n<li>Indirizzo e-mail<\/li>\n\n\n\n<li>Lingua preferita<\/li>\n\n\n\n<li>Numero di telefono (facoltativo)<\/li>\n\n\n\n<li>Informazioni sull'oggetto dello smarrimento, che contengono dati personali (ad es. data\/anno di nascita, numero di carta d'identit\u00e0, numero di carta di debito, numero di assicurazione nazionale, ecc.)<\/li>\n<\/ul>\n\n\n\n<p>Una parte essenziale del servizio \u00e8 la trasmissione dei vostri dati agli uffici pubblici degli oggetti smarriti in Svizzera (comuni, citt\u00e0). Questi ultimi possono utilizzare i dati solo per adempiere agli obblighi di legge di un ufficio oggetti smarriti, per informarvi del ritrovamento e per consegnarvi l'oggetto.<\/p>\n\n\n\n<p>Se avete dato il vostro consenso, i vostri dati saranno trasmessi anche a organizzazioni private di servizi per gli oggetti smarriti (ad es. aziende di trasporto e aeroporti) e alle autorit\u00e0 competenti per gli oggetti smarriti in altri Paesi europei. Tali organizzazioni o autorit\u00e0 competenti in materia di oggetti smarriti potranno utilizzare i dati solo per notificarvi il ritrovamento e consegnarvi l'oggetto. &nbsp;<\/p>\n\n\n\n<p>I dati saranno conservati per 12 mesi per queste finalit\u00e0 in conformit\u00e0 all'art. 6 par. 1 lit a e b GDPR.<\/p>\n\n\n\n<h3 class=\"wp-block-heading\">File di log del server<\/h3>\n\n\n\n<p>Per garantire la sicurezza e la funzionalit\u00e0 dei nostri siti web, dobbiamo raccogliere e analizzare i dati di accesso (sito web visitato, ora di accesso, browser, sistema operativo, indirizzo IP). In caso di incidente di sicurezza, questi dati vengono utilizzati per determinare ed eliminare la causa. A tal fine i dati vengono conservati per 12 mesi ai sensi dell'art. 6 comma 1 lett. f GDPR.<\/p>\n\n\n\n<h3 class=\"wp-block-heading\">Moduli di contatto<\/h3>\n\n\n\n<p>Nell'ambito dell'elaborazione della vostra richiesta di informazioni sui nostri prodotti, trattiamo i dati che ci inviate nel modulo di contatto. Se la vostra richiesta riguarda anche i prodotti dei nostri partner, i vostri dati possono essere trasmessi a questi ultimi per rispondere alla vostra richiesta. In questo caso, il trattamento si basa sull'art. 6 (1) (b) e (f) del GDPR, in quanto serve ad avviare un contratto con noi ed \u00e8 nel nostro legittimo interesse. I vostri dati saranno conservati per tutto il tempo necessario all'elaborazione della vostra richiesta.<\/p>\n\n\n\n<h2 class=\"wp-block-heading\">Biscotti<\/h2>\n\n\n\n<p>Il nostro sito web utilizza i cosiddetti cookie. Si tratta di piccoli file di testo che vengono memorizzati sul vostro dispositivo finale con l'aiuto del browser. Esistono due tipi principali di cookie: i cookie tecnicamente necessari, che sono richiesti per il funzionamento di un sito web, e i cookie tecnicamente non necessari, che raccolgono ad esempio statistiche di utilizzo. Mentre i cookie tecnicamente necessari vengono memorizzati automaticamente sul vostro computer o dispositivo sulla base del nostro legittimo interesse, i cookie tecnicamente non necessari richiedono il vostro consenso.<\/p>\n\n\n\n<p>Sul nostro sito web vengono utilizzati i seguenti cookie tecnicamente necessari:<\/p>\n\n\n\n<figure class=\"wp-block-table\"><table><tbody><tr><td><strong>Nome<\/strong><\/td><td><strong>Scopo<\/strong><\/td><td><strong>Durata della conservazione<\/strong><\/td><\/tr><tr><td>Cookie_notice_accepted<\/td><td>Questo cookie memorizza se l'utente ha acconsentito o meno a cookie tecnicamente non necessari nel corso del banner dei cookie.<\/td><td>1 anno<\/td><\/tr><tr><td>pll_lingua<\/td><td>Questo cookie salva le impostazioni di lingua selezionate dall'utente.<\/td><td>1 anno<\/td><\/tr><\/tbody><\/table><\/figure>\n\n\n\n<p>Alcuni dei cookie utilizzati sul nostro sito web provengono da fornitori di servizi di Paesi terzi (in particolare gli Stati Uniti). \u00c8 quindi possibile che alcuni dei vostri dati (ad esempio, indirizzo IP, comportamento dell'utente, dati tecnici) vengano trasferiti negli Stati Uniti. Secondo la Corte di giustizia dell'Unione europea, negli Stati Uniti non esiste attualmente un livello adeguato di protezione dei dati. Quando utilizziamo cookie di fornitori di servizi di Paesi terzi, chiediamo pertanto il vostro consenso esplicito nel banner dei cookie.<\/p>\n\n\n\n<p>L'utente pu\u00f2 revocare in qualsiasi momento il proprio consenso all'utilizzo di cookie tecnicamente non necessari e di cookie provenienti da paesi terzi.<\/p>\n\n\n\n<h2 class=\"wp-block-heading\">I vostri diritti<\/h2>\n\n\n\n<p>Se trattiamo i vostri dati personali, avete i seguenti diritti in conformit\u00e0 alle normative europee e austriache vigenti in materia di protezione dei dati:<\/p>\n\n\n\n<ul class=\"wp-block-list\">\n<li>Informazioni<\/li>\n\n\n\n<li>Correzione<\/li>\n\n\n\n<li>Cancellazione<\/li>\n\n\n\n<li>Limitazione del trattamento<\/li>\n\n\n\n<li>Trasmissione dati<\/li>\n\n\n\n<li>Contraddizione<\/li>\n<\/ul>\n\n\n\n<p>Se ritenete che il trattamento dei vostri dati sia contrario alla legge sulla protezione dei dati, siete liberi di presentare un reclamo all'Autorit\u00e0 austriaca per la protezione dei dati (Barichgasse 40-42, 1030 Vienna, telefono: +43 1 52 152-0, e-mail:&nbsp;<a href=\"mailto:dsb@dsb.gv.at\">dsb@dsb.gv.at<\/a>).<\/p>","protected":false},"excerpt":{"rendered":"<p>Der Schutz Ihrer Privatsph\u00e4re und Ihrer personenbezogenen Daten ist uns ein besonderes Anliegen. In den folgenden Abschnitten werden Sie \u00fcber alle Datenverarbeitungsvorg\u00e4nge informiert, die auf unserer Webseite stattfinden. Wer ist f\u00fcr die Verarbeitung Ihrer Daten zust\u00e4ndig? F\u00fcr s\u00e4mtliche Daten, welche im Zuge Ihres Besuches auf unserer Website verarbeitet werden, ist RUBICON IT GmbH zust\u00e4ndig: RUBICON [&hellip;]<\/p>\n","protected":false},"author":1,"featured_media":0,"parent":0,"menu_order":0,"comment_status":"closed","ping_status":"closed","template":"","meta":{"footnotes":""},"class_list":["post-3","page","type-page","status-publish","hentry"],"_links":{"self":[{"href":"https:\/\/fundamt.gv.at\/it\/wp-json\/wp\/v2\/pages\/3","targetHints":{"allow":["GET"]}}],"collection":[{"href":"https:\/\/fundamt.gv.at\/it\/wp-json\/wp\/v2\/pages"}],"about":[{"href":"https:\/\/fundamt.gv.at\/it\/wp-json\/wp\/v2\/types\/page"}],"author":[{"embeddable":true,"href":"https:\/\/fundamt.gv.at\/it\/wp-json\/wp\/v2\/users\/1"}],"replies":[{"embeddable":true,"href":"https:\/\/fundamt.gv.at\/it\/wp-json\/wp\/v2\/comments?post=3"}],"version-history":[{"count":2,"href":"https:\/\/fundamt.gv.at\/it\/wp-json\/wp\/v2\/pages\/3\/revisions"}],"predecessor-version":[{"id":1739,"href":"https:\/\/fundamt.gv.at\/it\/wp-json\/wp\/v2\/pages\/3\/revisions\/1739"}],"wp:attachment":[{"href":"https:\/\/fundamt.gv.at\/it\/wp-json\/wp\/v2\/media?parent=3"}],"curies":[{"name":"wp","href":"https:\/\/api.w.org\/{rel}","templated":true}]}}