{"id":382,"date":"2022-06-09T21:58:21","date_gmt":"2022-06-09T19:58:21","guid":{"rendered":"https:\/\/fundamt.gv.at\/?page_id=382"},"modified":"2022-06-11T13:09:43","modified_gmt":"2022-06-11T11:09:43","slug":"condizioni-di-utilizzo-2","status":"publish","type":"page","link":"https:\/\/fundamt.gv.at\/it\/nutzungsbedingungen\/","title":{"rendered":"Termini e condizioni d'uso"},"content":{"rendered":"<h2 class=\"wp-block-heading\">\u00a71 Ambito di applicazione e stipula del contratto<\/h2>\n\n\n\n<p>Il gestore del sito web&nbsp;<a href=\"https:\/\/fundamt.gv.at\/it\/\">https:\/\/fundamt.gv.at\/<\/a>&nbsp;(di seguito denominato \"Sito Web\") \u00e8 RUBICON IT GmbH, Gonzagagasse 16, A-1010 Vienna (di seguito denominato \"Operatore\").<\/p>\n\n\n\n<p>L'utilizzo del sito web \u00e8 soggetto alle presenti condizioni d'uso. Utilizzando il sito web, l'utente accetta il contenuto di questi termini e condizioni.<\/p>\n\n\n\n<h2 class=\"wp-block-heading\"><strong>\u00a72 Limitazioni d'uso<\/strong><\/h2>\n\n\n\n<p>\u00c8 vietata la duplicazione, l'elaborazione, la distribuzione, la riproduzione pubblica o qualsiasi altra forma di utilizzo del contenuto di questo sito web a fini commerciali. \u00c8 altres\u00ec vietato estrarre le informazioni, i dati e le applicazioni recuperabili mediante sistemi automatici o software automatizzati e distribuire, noleggiare, cedere a terzi o utilizzare i dati in qualsiasi altro modo per scopi commerciali. Inoltre, \u00e8 vietato qualsiasi accesso al contenuto del sito web che non avvenga tramite l'interfaccia utente del sito stesso.<\/p>\n\n\n\n<p>In caso di violazione delle presenti condizioni di utilizzo, in particolare in caso di utilizzo improprio del sito web, l'accesso pu\u00f2 essere limitato o completamente bloccato dal gestore. Il gestore si riserva il diritto di far valere eventuali diritti legali.<\/p>\n\n\n\n<h2 class=\"wp-block-heading\"><strong>\u00a73 Responsabilit\u00e0<\/strong><\/h2>\n\n\n\n<p>Il gestore non si assume alcuna responsabilit\u00e0 per la completezza, l'accuratezza e la tempestivit\u00e0 delle informazioni fornite e si riserva il diritto di limitare la disponibilit\u00e0 del sito web. La responsabilit\u00e0 del gestore \u00e8 esclusa nella misura consentita dalla legge.<\/p>\n\n\n\n<h2 class=\"wp-block-heading\"><strong>\u00a74 Disposizioni finali<\/strong><\/h2>\n\n\n\n<p>Il gestore si riserva il diritto di apportare miglioramenti o modifiche alle presenti condizioni di utilizzo in qualsiasi momento e senza preavviso.<\/p>\n\n\n\n<p>L'eventuale invalidit\u00e0 di una disposizione delle presenti Condizioni d'uso non pregiudica la validit\u00e0 o l'applicabilit\u00e0 delle restanti disposizioni. In questo caso, la disposizione non valida sar\u00e0 sostituita da una disposizione che si avvicina il pi\u00f9 possibile al contenuto economico della disposizione non valida.<\/p>\n\n\n\n<p>Il diritto austriaco si applica esclusivamente con l'esclusione delle norme sul conflitto di leggi. \u00c8 espressamente esclusa l'applicazione della Convenzione delle Nazioni Unite sui contratti di vendita internazionale di merci.<\/p>\n\n\n\n<p>Il tribunale competente di Vienna avr\u00e0 la giurisdizione esclusiva per le controversie relative alle presenti Condizioni d'uso, a meno che non si tratti di una transazione con i consumatori in conformit\u00e0 alle disposizioni applicabili in materia di tutela dei consumatori.<\/p>\n\n\n\n<p>Stato: gennaio 2021<\/p>","protected":false},"excerpt":{"rendered":"<p>\u00a71 Anwendungsbereich und Vertragsabschluss Der Betreiber der Webseite&nbsp;https:\/\/fundamt.gv.at\/&nbsp;(weiter als \u201eWebseite\u201c bezeichnet) ist RUBICON IT GmbH, Gonzagagasse 16, A-1010 Wien (weiter als \u201eBetreiber\u201c bezeichnet). Die Nutzung der Webseite unterliegt diesen Nutzungsbedingungen. Mit der Nutzung der Webseite erkl\u00e4ren Sie sich mit dem Inhalt dieser Bedingungen einverstanden. \u00a72 Nutzungsbeschr\u00e4nkungen Die Vervielf\u00e4ltigung, Bearbeitung, Verbreitung, \u00f6ffentliche Wiedergabe oder jede sonstige [&hellip;]<\/p>\n","protected":false},"author":1,"featured_media":0,"parent":0,"menu_order":0,"comment_status":"closed","ping_status":"closed","template":"","meta":{"footnotes":""},"class_list":["post-382","page","type-page","status-publish","hentry"],"_links":{"self":[{"href":"https:\/\/fundamt.gv.at\/it\/wp-json\/wp\/v2\/pages\/382","targetHints":{"allow":["GET"]}}],"collection":[{"href":"https:\/\/fundamt.gv.at\/it\/wp-json\/wp\/v2\/pages"}],"about":[{"href":"https:\/\/fundamt.gv.at\/it\/wp-json\/wp\/v2\/types\/page"}],"author":[{"embeddable":true,"href":"https:\/\/fundamt.gv.at\/it\/wp-json\/wp\/v2\/users\/1"}],"replies":[{"embeddable":true,"href":"https:\/\/fundamt.gv.at\/it\/wp-json\/wp\/v2\/comments?post=382"}],"version-history":[{"count":0,"href":"https:\/\/fundamt.gv.at\/it\/wp-json\/wp\/v2\/pages\/382\/revisions"}],"wp:attachment":[{"href":"https:\/\/fundamt.gv.at\/it\/wp-json\/wp\/v2\/media?parent=382"}],"curies":[{"name":"wp","href":"https:\/\/api.w.org\/{rel}","templated":true}]}}