{"id":706,"date":"2022-06-11T16:47:25","date_gmt":"2022-06-11T14:47:25","guid":{"rendered":"https:\/\/fundamt.gv.at\/?page_id=706"},"modified":"2025-09-14T16:23:46","modified_gmt":"2025-09-14T14:23:46","slug":"qualcosa-di-trovato-2","status":"publish","type":"page","link":"https:\/\/fundamt.gv.at\/it\/etwas-gefunden\/","title":{"rendered":"Trovato qualcosa"},"content":{"rendered":"\t\t<div data-elementor-type=\"wp-page\" data-elementor-id=\"706\" class=\"elementor elementor-706\" data-elementor-post-type=\"page\">\n\t\t\t\t<div class=\"elementor-element elementor-element-0f6a41c e-flex e-con-boxed e-con e-parent\" data-id=\"0f6a41c\" data-element_type=\"container\" data-e-type=\"container\">\n\t\t\t\t\t<div class=\"e-con-inner\">\n\t\t<div class=\"elementor-element elementor-element-a3200c2 e-con-full e-flex e-con e-child\" data-id=\"a3200c2\" data-element_type=\"container\" data-e-type=\"container\">\n\t\t\t\t<div class=\"elementor-element elementor-element-d177d80 elementor-widget elementor-widget-heading\" data-id=\"d177d80\" data-element_type=\"widget\" data-e-type=\"widget\" data-widget_type=\"heading.default\">\n\t\t\t\t<div class=\"elementor-widget-container\">\n\t\t\t\t\t<h2 class=\"elementor-heading-title elementor-size-default\">Gegenstand gefunden?<\/h2>\t\t\t\t<\/div>\n\t\t\t\t<\/div>\n\t\t\t\t<div class=\"elementor-element elementor-element-38fb340 elementor-widget elementor-widget-text-editor\" data-id=\"38fb340\" data-element_type=\"widget\" data-e-type=\"widget\" data-widget_type=\"text-editor.default\">\n\t\t\t\t<div class=\"elementor-widget-container\">\n\t\t\t\t\t\t\t\t\t<p><b>Sie haben etwas gefunden und m\u00f6chten daf\u00fcr sorgen, dass der\/die Eigent\u00fcmer:in es schnell zur\u00fcckbekommt? So funktioniert\u2019s:<\/b><\/p>\n<ul>\n<li>Liefert der gefundene Gegenstand keinen Hinweis auf den\/die Eigent\u00fcmer:in, geben Sie diesen beim n\u00e4chstgelegenen Fundb\u00fcro Ihrer Gemeinde oder Stadt ab.&nbsp;<\/li>\n<li>Haben Sie den Gegenstand in einem \u00f6ffentlichen Verkehrsmittel gefunden, wenden Sie sich an den Verkehrsbetrieb.&nbsp;<\/li>\n<li>Wo das n\u00e4chste Fundb\u00fcro in Ihrer Umgebung ist, finden Sie ganz schnell \u00fcber unsere Fundb\u00fcro-Suche heraus.<\/li>\n<\/ul>\t\t\t\t\t\t\t\t<\/div>\n\t\t\t\t<\/div>\n\t\t\t\t<\/div>\n\t\t<div class=\"elementor-element elementor-element-e7d2489 e-con-full elementor-hidden-mobile e-flex e-con e-child\" data-id=\"e7d2489\" data-element_type=\"container\" data-e-type=\"container\">\n\t\t<div class=\"elementor-element elementor-element-5f68ff7 e-con-full e-flex e-con e-child\" data-id=\"5f68ff7\" data-element_type=\"container\" data-e-type=\"container\" data-settings=\"{&quot;background_background&quot;:&quot;classic&quot;}\">\n\t\t\t\t<div class=\"elementor-element elementor-element-951953d elementor-widget__width-auto elementor-widget elementor-widget-text-editor\" data-id=\"951953d\" data-element_type=\"widget\" data-e-type=\"widget\" data-widget_type=\"text-editor.default\">\n\t\t\t\t<div class=\"elementor-widget-container\">\n\t\t\t\t\t\t\t\t\t<p>Informationen f\u00fcr Fundb\u00fcros<\/p>\t\t\t\t\t\t\t\t<\/div>\n\t\t\t\t<\/div>\n\t\t\t\t<div class=\"elementor-element elementor-element-664e95b elementor-widget elementor-widget-button\" data-id=\"664e95b\" data-element_type=\"widget\" data-e-type=\"widget\" data-widget_type=\"button.default\">\n\t\t\t\t<div class=\"elementor-widget-container\">\n\t\t\t\t\t\t\t\t\t<div class=\"elementor-button-wrapper\">\n\t\t\t\t\t<a class=\"elementor-button elementor-button-link elementor-size-lg\" href=\"https:\/\/fundamt.gv.at\/fuer-fundbueros\/\">\n\t\t\t\t\t\t<span class=\"elementor-button-content-wrapper\">\n\t\t\t\t\t\t<span class=\"elementor-button-icon\">\n\t\t\t\t<svg xmlns=\"http:\/\/www.w3.org\/2000\/svg\" tabindex=\"0\" viewBox=\"0 0 15.944 14.981\"><path d=\"M.75 6.741h14.444a.75.75 0 0 1 .75.75.75.75 0 0 1-.75.75H.75a.75.75 0 0 1-.75-.75.75.75 0 0 1 .75-.75Z\" class=\"a\"><\/path><path d=\"M8.453.001a.748.748 0 0 1 .53.22l6.741 6.74a.75.75 0 0 1 0 1.061l-6.74 6.74a.75.75 0 0 1-1.061 0 .75.75 0 0 1 0-1.061l6.21-6.21-6.21-6.21a.75.75 0 0 1 .53-1.28Z\" class=\"a\"><\/path><\/svg>\t\t\t<\/span>\n\t\t\t\t\t\t\t\t\t<span class=\"elementor-button-text\">Weiterlesen<\/span>\n\t\t\t\t\t<\/span>\n\t\t\t\t\t<\/a>\n\t\t\t\t<\/div>\n\t\t\t\t\t\t\t\t<\/div>\n\t\t\t\t<\/div>\n\t\t\t\t<\/div>\n\t\t\t\t<\/div>\n\t\t\t\t\t<\/div>\n\t\t\t\t<\/div>\n\t\t<div class=\"elementor-element elementor-element-fd8923c e-flex e-con-boxed e-con e-parent\" data-id=\"fd8923c\" data-element_type=\"container\" data-e-type=\"container\" data-settings=\"{&quot;background_background&quot;:&quot;classic&quot;}\">\n\t\t\t\t\t<div class=\"e-con-inner\">\n\t\t\t\t<div class=\"elementor-element elementor-element-4b2db7e elementor-widget elementor-widget-heading\" data-id=\"4b2db7e\" data-element_type=\"widget\" data-e-type=\"widget\" data-widget_type=\"heading.default\">\n\t\t\t\t<div class=\"elementor-widget-container\">\n\t\t\t\t\t<h2 class=\"elementor-heading-title elementor-size-default\">Fundb\u00fcros in Ihrer N\u00e4he<\/h2>\t\t\t\t<\/div>\n\t\t\t\t<\/div>\n\t\t<div class=\"elementor-element elementor-element-d365f63 e-con-full e-flex e-con e-child\" data-id=\"d365f63\" data-element_type=\"container\" data-e-type=\"container\">\n\t\t\t\t<div class=\"elementor-element elementor-element-3d2421f elementor-widget elementor-widget-html\" data-id=\"3d2421f\" data-element_type=\"widget\" data-e-type=\"widget\" data-widget_type=\"html.default\">\n\t\t\t\t<div class=\"elementor-widget-container\">\n\t\t\t\t\t<script src=\"\/wp-content\/PapaParse.js\"><\/script>\n<script async defer src=\"https:\/\/maps.googleapis.com\/maps\/api\/js?key=AIzaSyAT7-9NCsW-suErlObaZWq3zj9j7Rn17NY&callback=initMap&v=beta&libraries=places,marker\"><\/script>\n<meta name=\"referrer\" content=\"strict-origin-when-cross-origin\">\n\n<div id=\"map-container\" style=\"position: relative; height: 500px;\">\n    <!-- Button to show map -->\n    <button id=\"btn-show-map\" style=\"position: absolute; top: 50%; left: 50%; transform: translate(-50%, -50%); z-index: 1; padding: 10px 20px; font-size: 20px; border:none;\">\n        Google Map anzeigen\n    <\/button>\n    \n    <!-- Initially hidden elements -->\n    <input type=\"text\" id=\"search\" placeholder=\"Suchen Sie Ihre Gemeinde oder PLZ\" oninput=\"filterMarkers()\" style=\"display: none; position: absolute; top: 10px; left: 10px; z-index: 1; width: 500px; padding: 10px; background: white; border: 1px solid #ccc; border-radius: 4px;\" \/>\n    <div id=\"map\" style=\"height: 500px; display: none;\"><\/div>\n<\/div>\n\n<script>\n    let map;\n    const markers = [];\n    const markerData = [];\n\n    function initMap() {\n        map = new google.maps.Map(document.getElementById(\"map\"), {\n            center: { lat: 47.5162, lng: 14.5501 }, \/\/ Center of Austria\n            zoom: 8,\n            mapId: \"4fbed20067071d27\",\n        });\n\n        loadCSVMarkers();\n    }\n\n    function loadCSVMarkers() {\n        const csvFile = \"\/wp-content\/markers.csv\";\n\n        Papa.parse(csvFile, {\n            header: true,\n            download: true,\n            complete: function(results) {\n                results.data.forEach(location => {\n                    const lat = parseFloat(location.Latitude);\n                    const lng = parseFloat(location.Longitude);\n\n                    if (!isNaN(lat) && !isNaN(lng)) {\n                        const latLng = new google.maps.LatLng(lat, lng);\n\n                        \/\/ Create AdvancedMarkerElement\n                        const markerElement = new google.maps.marker.AdvancedMarkerElement({\n                            position: latLng,\n                            map: map,\n                            title: location.Gemeinde,\n                        });\n\n                        markers.push(markerElement);\n                        markerData.push(location);\n\n                        const infoWindow = new google.maps.InfoWindow({\n                            content: `\n                                <div>\n                                    <h3>${location.Gemeinde}<\/h3>\n                                    <p>Bezirk: ${location.Bezirk}<\/p>\n                                    <p>Bundesland: ${location.Bundesland}<\/p>\n                                    <p>Anschrift: ${location[\"Anschrift der Gemeinde - Stra\u00dfe\"]}<\/p>\n                                    <p>PLZ: ${location.Postleitzahl}<\/p>\n                                    <p>Ort: ${location.Ort}<\/p>\n                                    <p>Telefon: ${location.Telefonnummer}<\/p>\n                                    <p>E-Mail: <a href=\"mailto:${location[\"E-Mail\"]}\">${location[\"E-Mail\"]}<\/a><\/p>\n                                    <p>Website: <a href=\"${location.Webseite}\" target=\"_blank\">${location.Webseite}<\/a><\/p>\n                                <\/div>\n                            `,\n                        });\n\n                        markerElement.addListener('gmp-click', () => {\n                            infoWindow.open(map, markerElement);\n                        });\n                    }\n                });\n            },\n            error: function() {\n                \/\/ Error handling without console logs\n            }\n        });\n    }\n\n    \/\/ Button click event to show map and search field\n    document.getElementById('btn-show-map').onclick = function() {\n        document.getElementById('map').style.display = 'block'; \/\/ Show the map\n        document.getElementById('search').style.display = 'block'; \/\/ Show the search field\n        this.style.display = 'none'; \/\/ Hide the button\n    };\n\n    function filterMarkers() {\n        const searchValue = document.getElementById(\"search\").value.toLowerCase();\n        markers.forEach((marker, index) => {\n            const gemeindeName = markerData[index].Gemeinde.toLowerCase();\n            const plz = markerData[index].Postleitzahl.toLowerCase();\n            const shouldShow = gemeindeName.includes(searchValue) || plz.includes(searchValue);\n            marker.map = shouldShow ? map : null; \/\/ Show or hide marker\n        });\n    }\n<\/script>\n\t\t\t\t<\/div>\n\t\t\t\t<\/div>\n\t\t\t\t<\/div>\n\t\t\t\t\t<\/div>\n\t\t\t\t<\/div>\n\t\t\t\t<\/div>\n\t\t","protected":false},"excerpt":{"rendered":"<p>Gegenstand gefunden? Sie haben etwas gefunden und m\u00f6chten daf\u00fcr sorgen, dass der\/die Eigent\u00fcmer:in es schnell zur\u00fcckbekommt? So funktioniert\u2019s: Liefert der gefundene Gegenstand keinen Hinweis auf den\/die Eigent\u00fcmer:in, geben Sie diesen beim n\u00e4chstgelegenen Fundb\u00fcro Ihrer Gemeinde oder Stadt ab.&nbsp; Haben Sie den Gegenstand in einem \u00f6ffentlichen Verkehrsmittel gefunden, wenden Sie sich an den Verkehrsbetrieb.&nbsp; Wo das [&hellip;]<\/p>\n","protected":false},"author":1,"featured_media":0,"parent":0,"menu_order":0,"comment_status":"closed","ping_status":"closed","template":"elementor_header_footer","meta":{"footnotes":""},"class_list":["post-706","page","type-page","status-publish","hentry"],"_links":{"self":[{"href":"https:\/\/fundamt.gv.at\/it\/wp-json\/wp\/v2\/pages\/706","targetHints":{"allow":["GET"]}}],"collection":[{"href":"https:\/\/fundamt.gv.at\/it\/wp-json\/wp\/v2\/pages"}],"about":[{"href":"https:\/\/fundamt.gv.at\/it\/wp-json\/wp\/v2\/types\/page"}],"author":[{"embeddable":true,"href":"https:\/\/fundamt.gv.at\/it\/wp-json\/wp\/v2\/users\/1"}],"replies":[{"embeddable":true,"href":"https:\/\/fundamt.gv.at\/it\/wp-json\/wp\/v2\/comments?post=706"}],"version-history":[{"count":45,"href":"https:\/\/fundamt.gv.at\/it\/wp-json\/wp\/v2\/pages\/706\/revisions"}],"predecessor-version":[{"id":1771,"href":"https:\/\/fundamt.gv.at\/it\/wp-json\/wp\/v2\/pages\/706\/revisions\/1771"}],"wp:attachment":[{"href":"https:\/\/fundamt.gv.at\/it\/wp-json\/wp\/v2\/media?parent=706"}],"curies":[{"name":"wp","href":"https:\/\/api.w.org\/{rel}","templated":true}]}}